{"id":865,"date":"2022-05-26T18:03:12","date_gmt":"2022-05-26T16:03:12","guid":{"rendered":"http:\/\/jeromecanadas.com\/?page_id=865"},"modified":"2023-04-23T11:55:40","modified_gmt":"2023-04-23T09:55:40","slug":"oeuvres-vendues","status":"publish","type":"page","link":"https:\/\/jeromecanadas.com\/en\/oeuvres-vendues\/","title":{"rendered":"Work sold"},"content":{"rendered":"<div data-elementor-type=\"wp-page\" data-elementor-id=\"865\" class=\"elementor elementor-865\">\n\t\t\t\t\t\t<section class=\"elementor-section elementor-top-section elementor-element elementor-element-2ed01a0 elementor-section-boxed elementor-section-height-default elementor-section-height-default\" data-id=\"2ed01a0\" data-element_type=\"section\">\n\t\t\t\t\t\t<div class=\"elementor-container elementor-column-gap-default\">\n\t\t\t\t\t<div class=\"elementor-column elementor-col-100 elementor-top-column elementor-element elementor-element-f305761\" data-id=\"f305761\" data-element_type=\"column\">\n\t\t\t<div class=\"elementor-widget-wrap elementor-element-populated\">\n\t\t\t\t\t\t<div class=\"elementor-element elementor-element-426d993 elementor-widget elementor-widget-spacer\" data-id=\"426d993\" data-element_type=\"widget\" data-widget_type=\"spacer.default\">\n\t\t\t\t<div class=\"elementor-widget-container\">\n\t\t\t\t\t\t\t<div class=\"elementor-spacer\">\n\t\t\t<div class=\"elementor-spacer-inner\"><\/div>\n\t\t<\/div>\n\t\t\t\t\t\t<\/div>\n\t\t\t\t<\/div>\n\t\t\t\t\t<\/div>\n\t\t<\/div>\n\t\t\t\t\t<\/div>\n\t\t<\/section>\n\t\t\t\t<section class=\"elementor-section elementor-top-section elementor-element elementor-element-d9c6f7d elementor-section-boxed elementor-section-height-default elementor-section-height-default\" data-id=\"d9c6f7d\" data-element_type=\"section\">\n\t\t\t\t\t\t<div class=\"elementor-container elementor-column-gap-default\">\n\t\t\t\t\t<div class=\"elementor-column elementor-col-100 elementor-top-column elementor-element elementor-element-e7042e9\" data-id=\"e7042e9\" data-element_type=\"column\">\n\t\t\t<div class=\"elementor-widget-wrap elementor-element-populated\">\n\t\t\t\t\t\t<div class=\"elementor-element elementor-element-bb22fd0 animated-slow elementor-invisible elementor-widget elementor-widget-heading\" data-id=\"bb22fd0\" data-element_type=\"widget\" data-settings=\"{&quot;_animation&quot;:&quot;fadeIn&quot;,&quot;_animation_delay&quot;:1200}\" data-widget_type=\"heading.default\">\n\t\t\t\t<div class=\"elementor-widget-container\">\n\t\t\t\t\t<h2 class=\"elementor-heading-title elementor-size-default\">Pr\u00e9sentation de quelques pieces vendues.<\/h2>\t\t\t\t<\/div>\n\t\t\t\t<\/div>\n\t\t\t\t<div class=\"elementor-element elementor-element-8410615 elementor-widget elementor-widget-spacer\" data-id=\"8410615\" data-element_type=\"widget\" data-widget_type=\"spacer.default\">\n\t\t\t\t<div class=\"elementor-widget-container\">\n\t\t\t\t\t\t\t<div class=\"elementor-spacer\">\n\t\t\t<div class=\"elementor-spacer-inner\"><\/div>\n\t\t<\/div>\n\t\t\t\t\t\t<\/div>\n\t\t\t\t<\/div>\n\t\t\t\t\t<\/div>\n\t\t<\/div>\n\t\t\t\t\t<\/div>\n\t\t<\/section>\n\t\t\t\t<section class=\"elementor-section elementor-top-section elementor-element elementor-element-8695a06 elementor-section-boxed elementor-section-height-default elementor-section-height-default elementor-invisible\" data-id=\"8695a06\" data-element_type=\"section\" data-settings=\"{&quot;animation&quot;:&quot;slideInDown&quot;}\">\n\t\t\t\t\t\t<div class=\"elementor-container elementor-column-gap-default\">\n\t\t\t\t\t<div class=\"elementor-column elementor-col-100 elementor-top-column elementor-element elementor-element-6e4b387\" data-id=\"6e4b387\" data-element_type=\"column\">\n\t\t\t<div class=\"elementor-widget-wrap elementor-element-populated\">\n\t\t\t\t\t\t<div class=\"elementor-element elementor-element-b440fab elementor-widget elementor-widget-image-gallery\" data-id=\"b440fab\" data-element_type=\"widget\" data-widget_type=\"image-gallery.default\">\n\t\t\t\t<div class=\"elementor-widget-container\">\n\t\t\t\t\t\t\t<div class=\"elementor-image-gallery\">\n\t\t\t\t\t<\/div>\n\t\t\t\t\t\t<\/div>\n\t\t\t\t<\/div>\n\t\t\t\t\t<\/div>\n\t\t<\/div>\n\t\t\t\t\t<\/div>\n\t\t<\/section>\n\t\t\t\t<\/div>","protected":false},"excerpt":{"rendered":"<p>Pr\u00e9sentation de quelques pieces vendues.<\/p>","protected":false},"author":1,"featured_media":0,"parent":0,"menu_order":0,"comment_status":"closed","ping_status":"closed","template":"","meta":{"site-sidebar-layout":"no-sidebar","site-content-layout":"page-builder","ast-site-content-layout":"default","site-content-style":"default","site-sidebar-style":"default","ast-global-header-display":"","ast-banner-title-visibility":"","ast-main-header-display":"","ast-hfb-above-header-display":"","ast-hfb-below-header-display":"","ast-hfb-mobile-header-display":"","site-post-title":"disabled","ast-breadcrumbs-content":"","ast-featured-img":"disabled","footer-sml-layout":"","theme-transparent-header-meta":"","adv-header-id-meta":"","stick-header-meta":"","header-above-stick-meta":"","header-main-stick-meta":"","header-below-stick-meta":"","astra-migrate-meta-layouts":"default","ast-page-background-enabled":"default","ast-page-background-meta":{"desktop":{"background-color":"var(--ast-global-color-4)","background-image":"","background-repeat":"repeat","background-position":"center center","background-size":"auto","background-attachment":"scroll","background-type":"","background-media":"","overlay-type":"","overlay-color":"","overlay-opacity":"","overlay-gradient":""},"tablet":{"background-color":"","background-image":"","background-repeat":"repeat","background-position":"center center","background-size":"auto","background-attachment":"scroll","background-type":"","background-media":"","overlay-type":"","overlay-color":"","overlay-opacity":"","overlay-gradient":""},"mobile":{"background-color":"","background-image":"","background-repeat":"repeat","background-position":"center center","background-size":"auto","background-attachment":"scroll","background-type":"","background-media":"","overlay-type":"","overlay-color":"","overlay-opacity":"","overlay-gradient":""}},"ast-content-background-meta":{"desktop":{"background-color":"var(--ast-global-color-5)","background-image":"","background-repeat":"repeat","background-position":"center center","background-size":"auto","background-attachment":"scroll","background-type":"","background-media":"","overlay-type":"","overlay-color":"","overlay-opacity":"","overlay-gradient":""},"tablet":{"background-color":"var(--ast-global-color-5)","background-image":"","background-repeat":"repeat","background-position":"center center","background-size":"auto","background-attachment":"scroll","background-type":"","background-media":"","overlay-type":"","overlay-color":"","overlay-opacity":"","overlay-gradient":""},"mobile":{"background-color":"var(--ast-global-color-5)","background-image":"","background-repeat":"repeat","background-position":"center center","background-size":"auto","background-attachment":"scroll","background-type":"","background-media":"","overlay-type":"","overlay-color":"","overlay-opacity":"","overlay-gradient":""}},"footnotes":""},"class_list":["post-865","page","type-page","status-publish","hentry"],"yoast_head":"<!-- This site is optimized with the Yoast SEO plugin v27.4 - https:\/\/yoast.com\/product\/yoast-seo-wordpress\/ -->\n<title>Oeuvres vendues - J\u00e9r\u00f4me Canadas<\/title>\n<meta name=\"robots\" content=\"index, follow, max-snippet:-1, max-image-preview:large, max-video-preview:-1\" \/>\n<link rel=\"canonical\" href=\"https:\/\/jeromecanadas.com\/en\/oeuvres-vendues\/\" \/>\n<meta property=\"og:locale\" content=\"en_US\" \/>\n<meta property=\"og:type\" content=\"article\" \/>\n<meta property=\"og:title\" content=\"Oeuvres vendues - J\u00e9r\u00f4me Canadas\" \/>\n<meta property=\"og:description\" content=\"Pr\u00e9sentation de quelques pieces vendues.\" \/>\n<meta property=\"og:url\" content=\"https:\/\/jeromecanadas.com\/en\/oeuvres-vendues\/\" \/>\n<meta property=\"og:site_name\" content=\"J\u00e9r\u00f4me Canadas\" \/>\n<meta property=\"article:publisher\" content=\"https:\/\/www.facebook.com\/jeromecreativelife\/\" \/>\n<meta property=\"article:modified_time\" content=\"2023-04-23T09:55:40+00:00\" \/>\n<meta property=\"og:image\" content=\"http:\/\/jeromecanadas.com\/wp-content\/uploads\/2022\/06\/20626132_1619230208095284_847711180323454689_o-768x1024.jpg\" \/>\n<meta name=\"twitter:card\" content=\"summary_large_image\" \/>\n<meta name=\"twitter:label1\" content=\"Est. reading time\" \/>\n\t<meta name=\"twitter:data1\" content=\"11 minutes\" \/>\n<script type=\"application\/ld+json\" class=\"yoast-schema-graph\">{\"@context\":\"https:\\\/\\\/schema.org\",\"@graph\":[{\"@type\":\"WebPage\",\"@id\":\"https:\\\/\\\/jeromecanadas.com\\\/en\\\/oeuvres-vendues\\\/\",\"url\":\"https:\\\/\\\/jeromecanadas.com\\\/en\\\/oeuvres-vendues\\\/\",\"name\":\"Oeuvres vendues - J\u00e9r\u00f4me Canadas\",\"isPartOf\":{\"@id\":\"https:\\\/\\\/jeromecanadas.com\\\/#website\"},\"primaryImageOfPage\":{\"@id\":\"https:\\\/\\\/jeromecanadas.com\\\/en\\\/oeuvres-vendues\\\/#primaryimage\"},\"image\":{\"@id\":\"https:\\\/\\\/jeromecanadas.com\\\/en\\\/oeuvres-vendues\\\/#primaryimage\"},\"thumbnailUrl\":\"http:\\\/\\\/jeromecanadas.com\\\/wp-content\\\/uploads\\\/2022\\\/06\\\/20626132_1619230208095284_847711180323454689_o-768x1024.jpg\",\"datePublished\":\"2022-05-26T16:03:12+00:00\",\"dateModified\":\"2023-04-23T09:55:40+00:00\",\"breadcrumb\":{\"@id\":\"https:\\\/\\\/jeromecanadas.com\\\/en\\\/oeuvres-vendues\\\/#breadcrumb\"},\"inLanguage\":\"en-US\",\"potentialAction\":[{\"@type\":\"ReadAction\",\"target\":[\"https:\\\/\\\/jeromecanadas.com\\\/en\\\/oeuvres-vendues\\\/\"]}]},{\"@type\":\"ImageObject\",\"inLanguage\":\"en-US\",\"@id\":\"https:\\\/\\\/jeromecanadas.com\\\/en\\\/oeuvres-vendues\\\/#primaryimage\",\"url\":\"http:\\\/\\\/jeromecanadas.com\\\/wp-content\\\/uploads\\\/2022\\\/06\\\/20626132_1619230208095284_847711180323454689_o-768x1024.jpg\",\"contentUrl\":\"http:\\\/\\\/jeromecanadas.com\\\/wp-content\\\/uploads\\\/2022\\\/06\\\/20626132_1619230208095284_847711180323454689_o-768x1024.jpg\"},{\"@type\":\"BreadcrumbList\",\"@id\":\"https:\\\/\\\/jeromecanadas.com\\\/en\\\/oeuvres-vendues\\\/#breadcrumb\",\"itemListElement\":[{\"@type\":\"ListItem\",\"position\":1,\"name\":\"Accueil\",\"item\":\"https:\\\/\\\/jeromecanadas.com\\\/en\\\/\"},{\"@type\":\"ListItem\",\"position\":2,\"name\":\"Oeuvres vendues\"}]},{\"@type\":\"WebSite\",\"@id\":\"https:\\\/\\\/jeromecanadas.com\\\/#website\",\"url\":\"https:\\\/\\\/jeromecanadas.com\\\/\",\"name\":\"J\u00e9r\u00f4me Canadas\",\"description\":\"Canadas Cr\u00e9ations\",\"publisher\":{\"@id\":\"https:\\\/\\\/jeromecanadas.com\\\/#\\\/schema\\\/person\\\/825506221f6e8b91ec43474b35bcabc3\"},\"potentialAction\":[{\"@type\":\"SearchAction\",\"target\":{\"@type\":\"EntryPoint\",\"urlTemplate\":\"https:\\\/\\\/jeromecanadas.com\\\/?s={search_term_string}\"},\"query-input\":{\"@type\":\"PropertyValueSpecification\",\"valueRequired\":true,\"valueName\":\"search_term_string\"}}],\"inLanguage\":\"en-US\"},{\"@type\":[\"Person\",\"Organization\"],\"@id\":\"https:\\\/\\\/jeromecanadas.com\\\/#\\\/schema\\\/person\\\/825506221f6e8b91ec43474b35bcabc3\",\"name\":\"wordpress\",\"image\":{\"@type\":\"ImageObject\",\"inLanguage\":\"en-US\",\"@id\":\"https:\\\/\\\/secure.gravatar.com\\\/avatar\\\/e78042c4bdcb648015c7e6c91c5b38188d1e15cc3f04ebed374f74a5436c2b8b?s=96&d=mm&r=g\",\"url\":\"https:\\\/\\\/secure.gravatar.com\\\/avatar\\\/e78042c4bdcb648015c7e6c91c5b38188d1e15cc3f04ebed374f74a5436c2b8b?s=96&d=mm&r=g\",\"contentUrl\":\"https:\\\/\\\/secure.gravatar.com\\\/avatar\\\/e78042c4bdcb648015c7e6c91c5b38188d1e15cc3f04ebed374f74a5436c2b8b?s=96&d=mm&r=g\",\"caption\":\"wordpress\"},\"logo\":{\"@id\":\"https:\\\/\\\/secure.gravatar.com\\\/avatar\\\/e78042c4bdcb648015c7e6c91c5b38188d1e15cc3f04ebed374f74a5436c2b8b?s=96&d=mm&r=g\"},\"sameAs\":[\"http:\\\/\\\/jeromecanadas.com\",\"https:\\\/\\\/www.facebook.com\\\/jeromecreativelife\\\/\"]}]}<\/script>\n<!-- \/ Yoast SEO plugin. -->","yoast_head_json":{"title":"Oeuvres vendues - J\u00e9r\u00f4me Canadas","robots":{"index":"index","follow":"follow","max-snippet":"max-snippet:-1","max-image-preview":"max-image-preview:large","max-video-preview":"max-video-preview:-1"},"canonical":"https:\/\/jeromecanadas.com\/en\/oeuvres-vendues\/","og_locale":"en_US","og_type":"article","og_title":"Oeuvres vendues - J\u00e9r\u00f4me Canadas","og_description":"Pr\u00e9sentation de quelques pieces vendues.","og_url":"https:\/\/jeromecanadas.com\/en\/oeuvres-vendues\/","og_site_name":"J\u00e9r\u00f4me Canadas","article_publisher":"https:\/\/www.facebook.com\/jeromecreativelife\/","article_modified_time":"2023-04-23T09:55:40+00:00","og_image":[{"url":"http:\/\/jeromecanadas.com\/wp-content\/uploads\/2022\/06\/20626132_1619230208095284_847711180323454689_o-768x1024.jpg","type":"","width":"","height":""}],"twitter_card":"summary_large_image","twitter_misc":{"Est. reading time":"11 minutes"},"schema":{"@context":"https:\/\/schema.org","@graph":[{"@type":"WebPage","@id":"https:\/\/jeromecanadas.com\/en\/oeuvres-vendues\/","url":"https:\/\/jeromecanadas.com\/en\/oeuvres-vendues\/","name":"Oeuvres vendues - J\u00e9r\u00f4me Canadas","isPartOf":{"@id":"https:\/\/jeromecanadas.com\/#website"},"primaryImageOfPage":{"@id":"https:\/\/jeromecanadas.com\/en\/oeuvres-vendues\/#primaryimage"},"image":{"@id":"https:\/\/jeromecanadas.com\/en\/oeuvres-vendues\/#primaryimage"},"thumbnailUrl":"http:\/\/jeromecanadas.com\/wp-content\/uploads\/2022\/06\/20626132_1619230208095284_847711180323454689_o-768x1024.jpg","datePublished":"2022-05-26T16:03:12+00:00","dateModified":"2023-04-23T09:55:40+00:00","breadcrumb":{"@id":"https:\/\/jeromecanadas.com\/en\/oeuvres-vendues\/#breadcrumb"},"inLanguage":"en-US","potentialAction":[{"@type":"ReadAction","target":["https:\/\/jeromecanadas.com\/en\/oeuvres-vendues\/"]}]},{"@type":"ImageObject","inLanguage":"en-US","@id":"https:\/\/jeromecanadas.com\/en\/oeuvres-vendues\/#primaryimage","url":"http:\/\/jeromecanadas.com\/wp-content\/uploads\/2022\/06\/20626132_1619230208095284_847711180323454689_o-768x1024.jpg","contentUrl":"http:\/\/jeromecanadas.com\/wp-content\/uploads\/2022\/06\/20626132_1619230208095284_847711180323454689_o-768x1024.jpg"},{"@type":"BreadcrumbList","@id":"https:\/\/jeromecanadas.com\/en\/oeuvres-vendues\/#breadcrumb","itemListElement":[{"@type":"ListItem","position":1,"name":"Accueil","item":"https:\/\/jeromecanadas.com\/en\/"},{"@type":"ListItem","position":2,"name":"Oeuvres vendues"}]},{"@type":"WebSite","@id":"https:\/\/jeromecanadas.com\/#website","url":"https:\/\/jeromecanadas.com\/","name":"J\u00e9r\u00f4me Canadas","description":"Canadas Cr\u00e9ations","publisher":{"@id":"https:\/\/jeromecanadas.com\/#\/schema\/person\/825506221f6e8b91ec43474b35bcabc3"},"potentialAction":[{"@type":"SearchAction","target":{"@type":"EntryPoint","urlTemplate":"https:\/\/jeromecanadas.com\/?s={search_term_string}"},"query-input":{"@type":"PropertyValueSpecification","valueRequired":true,"valueName":"search_term_string"}}],"inLanguage":"en-US"},{"@type":["Person","Organization"],"@id":"https:\/\/jeromecanadas.com\/#\/schema\/person\/825506221f6e8b91ec43474b35bcabc3","name":"wordpress","image":{"@type":"ImageObject","inLanguage":"en-US","@id":"https:\/\/secure.gravatar.com\/avatar\/e78042c4bdcb648015c7e6c91c5b38188d1e15cc3f04ebed374f74a5436c2b8b?s=96&d=mm&r=g","url":"https:\/\/secure.gravatar.com\/avatar\/e78042c4bdcb648015c7e6c91c5b38188d1e15cc3f04ebed374f74a5436c2b8b?s=96&d=mm&r=g","contentUrl":"https:\/\/secure.gravatar.com\/avatar\/e78042c4bdcb648015c7e6c91c5b38188d1e15cc3f04ebed374f74a5436c2b8b?s=96&d=mm&r=g","caption":"wordpress"},"logo":{"@id":"https:\/\/secure.gravatar.com\/avatar\/e78042c4bdcb648015c7e6c91c5b38188d1e15cc3f04ebed374f74a5436c2b8b?s=96&d=mm&r=g"},"sameAs":["http:\/\/jeromecanadas.com","https:\/\/www.facebook.com\/jeromecreativelife\/"]}]}},"_links":{"self":[{"href":"https:\/\/jeromecanadas.com\/en\/wp-json\/wp\/v2\/pages\/865","targetHints":{"allow":["GET"]}}],"collection":[{"href":"https:\/\/jeromecanadas.com\/en\/wp-json\/wp\/v2\/pages"}],"about":[{"href":"https:\/\/jeromecanadas.com\/en\/wp-json\/wp\/v2\/types\/page"}],"author":[{"embeddable":true,"href":"https:\/\/jeromecanadas.com\/en\/wp-json\/wp\/v2\/users\/1"}],"replies":[{"embeddable":true,"href":"https:\/\/jeromecanadas.com\/en\/wp-json\/wp\/v2\/comments?post=865"}],"version-history":[{"count":0,"href":"https:\/\/jeromecanadas.com\/en\/wp-json\/wp\/v2\/pages\/865\/revisions"}],"wp:attachment":[{"href":"https:\/\/jeromecanadas.com\/en\/wp-json\/wp\/v2\/media?parent=865"}],"curies":[{"name":"wp","href":"https:\/\/api.w.org\/{rel}","templated":true}]}}