{"id":3106,"date":"2022-06-27T17:01:02","date_gmt":"2022-06-27T15:01:02","guid":{"rendered":"http:\/\/jeromecanadas.com\/?page_id=3106"},"modified":"2024-06-06T15:04:54","modified_gmt":"2024-06-06T13:04:54","slug":"travaux-divers","status":"publish","type":"page","link":"https:\/\/jeromecanadas.com\/en\/travaux-divers\/","title":{"rendered":"Travaux divers (cuill\u00e8res, petit mobilier&#8230;)"},"content":{"rendered":"<div data-elementor-type=\"wp-page\" data-elementor-id=\"3106\" class=\"elementor elementor-3106\">\n\t\t\t\t\t\t<section class=\"elementor-section elementor-top-section elementor-element elementor-element-dc589fa elementor-section-boxed elementor-section-height-default elementor-section-height-default\" data-id=\"dc589fa\" data-element_type=\"section\">\n\t\t\t\t\t\t<div class=\"elementor-container elementor-column-gap-default\">\n\t\t\t\t\t<div class=\"elementor-column elementor-col-100 elementor-top-column elementor-element elementor-element-44d26c9\" data-id=\"44d26c9\" data-element_type=\"column\">\n\t\t\t<div class=\"elementor-widget-wrap elementor-element-populated\">\n\t\t\t\t\t\t<div class=\"elementor-element elementor-element-20b805f elementor-widget elementor-widget-spacer\" data-id=\"20b805f\" data-element_type=\"widget\" data-widget_type=\"spacer.default\">\n\t\t\t\t<div class=\"elementor-widget-container\">\n\t\t\t\t\t\t\t<div class=\"elementor-spacer\">\n\t\t\t<div class=\"elementor-spacer-inner\"><\/div>\n\t\t<\/div>\n\t\t\t\t\t\t<\/div>\n\t\t\t\t<\/div>\n\t\t\t\t<div class=\"elementor-element elementor-element-df27c5f elementor-widget elementor-widget-heading\" data-id=\"df27c5f\" data-element_type=\"widget\" data-widget_type=\"heading.default\">\n\t\t\t\t<div class=\"elementor-widget-container\">\n\t\t\t\t\t<h2 class=\"elementor-heading-title elementor-size-xxl\">Travaux Divers<\/h2>\t\t\t\t<\/div>\n\t\t\t\t<\/div>\n\t\t\t\t<div class=\"elementor-element elementor-element-6cc9f36 elementor-widget elementor-widget-spacer\" data-id=\"6cc9f36\" data-element_type=\"widget\" data-widget_type=\"spacer.default\">\n\t\t\t\t<div class=\"elementor-widget-container\">\n\t\t\t\t\t\t\t<div class=\"elementor-spacer\">\n\t\t\t<div class=\"elementor-spacer-inner\"><\/div>\n\t\t<\/div>\n\t\t\t\t\t\t<\/div>\n\t\t\t\t<\/div>\n\t\t\t\t<div class=\"elementor-element elementor-element-73e9309 gallery-spacing-custom elementor-widget elementor-widget-image-gallery\" data-id=\"73e9309\" data-element_type=\"widget\" data-widget_type=\"image-gallery.default\">\n\t\t\t\t<div class=\"elementor-widget-container\">\n\t\t\t\t\t\t\t<div class=\"elementor-image-gallery\">\n\t\t\t\t\t<\/div>\n\t\t\t\t\t\t<\/div>\n\t\t\t\t<\/div>\n\t\t\t\t<div class=\"elementor-element elementor-element-cf04da4 elementor-widget elementor-widget-heading\" data-id=\"cf04da4\" data-element_type=\"widget\" data-widget_type=\"heading.default\">\n\t\t\t\t<div class=\"elementor-widget-container\">\n\t\t\t\t\t<h2 class=\"elementor-heading-title elementor-size-default\">\n<\/h2>\t\t\t\t<\/div>\n\t\t\t\t<\/div>\n\t\t\t\t<div class=\"elementor-element elementor-element-a8f8366 elementor-widget elementor-widget-spacer\" data-id=\"a8f8366\" data-element_type=\"widget\" data-widget_type=\"spacer.default\">\n\t\t\t\t<div class=\"elementor-widget-container\">\n\t\t\t\t\t\t\t<div class=\"elementor-spacer\">\n\t\t\t<div class=\"elementor-spacer-inner\"><\/div>\n\t\t<\/div>\n\t\t\t\t\t\t<\/div>\n\t\t\t\t<\/div>\n\t\t\t\t\t<\/div>\n\t\t<\/div>\n\t\t\t\t\t<\/div>\n\t\t<\/section>\n\t\t\t\t<\/div>","protected":false},"excerpt":{"rendered":"<p>Travaux Divers Cuill\u00e8res en buis 20 euros l unit\u00e9 Exposition cuill\u00e8res en buis Table basse douglas 250 euros Etag\u00e9re VENDUE Horloge bois et r\u00e9sine 200e Horloge peuplier 70 euros Table basse 200 euros Etag\u00e9re VENDUE cuill\u00e8re fourchette 20e, cuill\u00e8re moyenne 15e, petite cuill\u00e8re 7e, couteau 7e<\/p>","protected":false},"author":2,"featured_media":0,"parent":0,"menu_order":0,"comment_status":"closed","ping_status":"closed","template":"elementor_canvas","meta":{"site-sidebar-layout":"no-sidebar","site-content-layout":"page-builder","ast-site-content-layout":"default","site-content-style":"default","site-sidebar-style":"default","ast-global-header-display":"","ast-banner-title-visibility":"","ast-main-header-display":"","ast-hfb-above-header-display":"","ast-hfb-below-header-display":"","ast-hfb-mobile-header-display":"","site-post-title":"disabled","ast-breadcrumbs-content":"","ast-featured-img":"disabled","footer-sml-layout":"","theme-transparent-header-meta":"","adv-header-id-meta":"","stick-header-meta":"","header-above-stick-meta":"","header-main-stick-meta":"","header-below-stick-meta":"","astra-migrate-meta-layouts":"default","ast-page-background-enabled":"default","ast-page-background-meta":{"desktop":{"background-color":"var(--ast-global-color-4)","background-image":"","background-repeat":"repeat","background-position":"center center","background-size":"auto","background-attachment":"scroll","background-type":"","background-media":"","overlay-type":"","overlay-color":"","overlay-opacity":"","overlay-gradient":""},"tablet":{"background-color":"","background-image":"","background-repeat":"repeat","background-position":"center center","background-size":"auto","background-attachment":"scroll","background-type":"","background-media":"","overlay-type":"","overlay-color":"","overlay-opacity":"","overlay-gradient":""},"mobile":{"background-color":"","background-image":"","background-repeat":"repeat","background-position":"center center","background-size":"auto","background-attachment":"scroll","background-type":"","background-media":"","overlay-type":"","overlay-color":"","overlay-opacity":"","overlay-gradient":""}},"ast-content-background-meta":{"desktop":{"background-color":"var(--ast-global-color-5)","background-image":"","background-repeat":"repeat","background-position":"center center","background-size":"auto","background-attachment":"scroll","background-type":"","background-media":"","overlay-type":"","overlay-color":"","overlay-opacity":"","overlay-gradient":""},"tablet":{"background-color":"var(--ast-global-color-5)","background-image":"","background-repeat":"repeat","background-position":"center center","background-size":"auto","background-attachment":"scroll","background-type":"","background-media":"","overlay-type":"","overlay-color":"","overlay-opacity":"","overlay-gradient":""},"mobile":{"background-color":"var(--ast-global-color-5)","background-image":"","background-repeat":"repeat","background-position":"center center","background-size":"auto","background-attachment":"scroll","background-type":"","background-media":"","overlay-type":"","overlay-color":"","overlay-opacity":"","overlay-gradient":""}},"footnotes":""},"class_list":["post-3106","page","type-page","status-publish","hentry"],"yoast_head":"<!-- This site is optimized with the Yoast SEO plugin v27.4 - https:\/\/yoast.com\/product\/yoast-seo-wordpress\/ -->\n<title>Travaux divers (cuill\u00e8res, petit mobilier...) - J\u00e9r\u00f4me Canadas<\/title>\n<meta name=\"robots\" content=\"index, follow, max-snippet:-1, max-image-preview:large, max-video-preview:-1\" \/>\n<link rel=\"canonical\" href=\"https:\/\/jeromecanadas.com\/en\/travaux-divers\/\" \/>\n<meta property=\"og:locale\" content=\"en_US\" \/>\n<meta property=\"og:type\" content=\"article\" \/>\n<meta property=\"og:title\" content=\"Travaux divers (cuill\u00e8res, petit mobilier...) - J\u00e9r\u00f4me Canadas\" \/>\n<meta property=\"og:description\" content=\"Travaux Divers Cuill\u00e8res en buis 20 euros l unit\u00e9 Exposition cuill\u00e8res en buis Table basse douglas 250 euros Etag\u00e9re VENDUE Horloge bois et r\u00e9sine 200e Horloge peuplier 70 euros Table basse 200 euros Etag\u00e9re VENDUE cuill\u00e8re fourchette 20e, cuill\u00e8re moyenne 15e, petite cuill\u00e8re 7e, couteau 7e\" \/>\n<meta property=\"og:url\" content=\"https:\/\/jeromecanadas.com\/en\/travaux-divers\/\" \/>\n<meta property=\"og:site_name\" content=\"J\u00e9r\u00f4me Canadas\" \/>\n<meta property=\"article:publisher\" content=\"https:\/\/www.facebook.com\/jeromecreativelife\/\" \/>\n<meta property=\"article:modified_time\" content=\"2024-06-06T13:04:54+00:00\" \/>\n<meta property=\"og:image\" content=\"http:\/\/jeromecanadas.com\/wp-content\/uploads\/2022\/06\/IMG_20220626_125001_06.jpg\" \/>\n<meta name=\"twitter:card\" content=\"summary_large_image\" \/>\n<meta name=\"twitter:label1\" content=\"Est. reading time\" \/>\n\t<meta name=\"twitter:data1\" content=\"3 minutes\" \/>\n<script type=\"application\/ld+json\" class=\"yoast-schema-graph\">{\"@context\":\"https:\\\/\\\/schema.org\",\"@graph\":[{\"@type\":\"WebPage\",\"@id\":\"https:\\\/\\\/jeromecanadas.com\\\/travaux-divers\\\/\",\"url\":\"https:\\\/\\\/jeromecanadas.com\\\/travaux-divers\\\/\",\"name\":\"Travaux divers (cuill\u00e8res, petit mobilier...) - J\u00e9r\u00f4me Canadas\",\"isPartOf\":{\"@id\":\"https:\\\/\\\/jeromecanadas.com\\\/#website\"},\"primaryImageOfPage\":{\"@id\":\"https:\\\/\\\/jeromecanadas.com\\\/travaux-divers\\\/#primaryimage\"},\"image\":{\"@id\":\"https:\\\/\\\/jeromecanadas.com\\\/travaux-divers\\\/#primaryimage\"},\"thumbnailUrl\":\"http:\\\/\\\/jeromecanadas.com\\\/wp-content\\\/uploads\\\/2022\\\/06\\\/IMG_20220626_125001_06.jpg\",\"datePublished\":\"2022-06-27T15:01:02+00:00\",\"dateModified\":\"2024-06-06T13:04:54+00:00\",\"breadcrumb\":{\"@id\":\"https:\\\/\\\/jeromecanadas.com\\\/travaux-divers\\\/#breadcrumb\"},\"inLanguage\":\"en-US\",\"potentialAction\":[{\"@type\":\"ReadAction\",\"target\":[\"https:\\\/\\\/jeromecanadas.com\\\/travaux-divers\\\/\"]}]},{\"@type\":\"ImageObject\",\"inLanguage\":\"en-US\",\"@id\":\"https:\\\/\\\/jeromecanadas.com\\\/travaux-divers\\\/#primaryimage\",\"url\":\"http:\\\/\\\/jeromecanadas.com\\\/wp-content\\\/uploads\\\/2022\\\/06\\\/IMG_20220626_125001_06.jpg\",\"contentUrl\":\"http:\\\/\\\/jeromecanadas.com\\\/wp-content\\\/uploads\\\/2022\\\/06\\\/IMG_20220626_125001_06.jpg\"},{\"@type\":\"BreadcrumbList\",\"@id\":\"https:\\\/\\\/jeromecanadas.com\\\/travaux-divers\\\/#breadcrumb\",\"itemListElement\":[{\"@type\":\"ListItem\",\"position\":1,\"name\":\"Accueil\",\"item\":\"https:\\\/\\\/jeromecanadas.com\\\/en\\\/\"},{\"@type\":\"ListItem\",\"position\":2,\"name\":\"Travaux divers (cuill\u00e8res, petit mobilier&#8230;)\"}]},{\"@type\":\"WebSite\",\"@id\":\"https:\\\/\\\/jeromecanadas.com\\\/#website\",\"url\":\"https:\\\/\\\/jeromecanadas.com\\\/\",\"name\":\"J\u00e9r\u00f4me Canadas\",\"description\":\"Canadas Cr\u00e9ations\",\"publisher\":{\"@id\":\"https:\\\/\\\/jeromecanadas.com\\\/#\\\/schema\\\/person\\\/825506221f6e8b91ec43474b35bcabc3\"},\"potentialAction\":[{\"@type\":\"SearchAction\",\"target\":{\"@type\":\"EntryPoint\",\"urlTemplate\":\"https:\\\/\\\/jeromecanadas.com\\\/?s={search_term_string}\"},\"query-input\":{\"@type\":\"PropertyValueSpecification\",\"valueRequired\":true,\"valueName\":\"search_term_string\"}}],\"inLanguage\":\"en-US\"},{\"@type\":[\"Person\",\"Organization\"],\"@id\":\"https:\\\/\\\/jeromecanadas.com\\\/#\\\/schema\\\/person\\\/825506221f6e8b91ec43474b35bcabc3\",\"name\":\"wordpress\",\"image\":{\"@type\":\"ImageObject\",\"inLanguage\":\"en-US\",\"@id\":\"https:\\\/\\\/secure.gravatar.com\\\/avatar\\\/e78042c4bdcb648015c7e6c91c5b38188d1e15cc3f04ebed374f74a5436c2b8b?s=96&d=mm&r=g\",\"url\":\"https:\\\/\\\/secure.gravatar.com\\\/avatar\\\/e78042c4bdcb648015c7e6c91c5b38188d1e15cc3f04ebed374f74a5436c2b8b?s=96&d=mm&r=g\",\"contentUrl\":\"https:\\\/\\\/secure.gravatar.com\\\/avatar\\\/e78042c4bdcb648015c7e6c91c5b38188d1e15cc3f04ebed374f74a5436c2b8b?s=96&d=mm&r=g\",\"caption\":\"wordpress\"},\"logo\":{\"@id\":\"https:\\\/\\\/secure.gravatar.com\\\/avatar\\\/e78042c4bdcb648015c7e6c91c5b38188d1e15cc3f04ebed374f74a5436c2b8b?s=96&d=mm&r=g\"},\"sameAs\":[\"http:\\\/\\\/jeromecanadas.com\",\"https:\\\/\\\/www.facebook.com\\\/jeromecreativelife\\\/\"]}]}<\/script>\n<!-- \/ Yoast SEO plugin. -->","yoast_head_json":{"title":"Travaux divers (cuill\u00e8res, petit mobilier...) - J\u00e9r\u00f4me Canadas","robots":{"index":"index","follow":"follow","max-snippet":"max-snippet:-1","max-image-preview":"max-image-preview:large","max-video-preview":"max-video-preview:-1"},"canonical":"https:\/\/jeromecanadas.com\/en\/travaux-divers\/","og_locale":"en_US","og_type":"article","og_title":"Travaux divers (cuill\u00e8res, petit mobilier...) - J\u00e9r\u00f4me Canadas","og_description":"Travaux Divers Cuill\u00e8res en buis 20 euros l unit\u00e9 Exposition cuill\u00e8res en buis Table basse douglas 250 euros Etag\u00e9re VENDUE Horloge bois et r\u00e9sine 200e Horloge peuplier 70 euros Table basse 200 euros Etag\u00e9re VENDUE cuill\u00e8re fourchette 20e, cuill\u00e8re moyenne 15e, petite cuill\u00e8re 7e, couteau 7e","og_url":"https:\/\/jeromecanadas.com\/en\/travaux-divers\/","og_site_name":"J\u00e9r\u00f4me Canadas","article_publisher":"https:\/\/www.facebook.com\/jeromecreativelife\/","article_modified_time":"2024-06-06T13:04:54+00:00","og_image":[{"url":"http:\/\/jeromecanadas.com\/wp-content\/uploads\/2022\/06\/IMG_20220626_125001_06.jpg","type":"","width":"","height":""}],"twitter_card":"summary_large_image","twitter_misc":{"Est. reading time":"3 minutes"},"schema":{"@context":"https:\/\/schema.org","@graph":[{"@type":"WebPage","@id":"https:\/\/jeromecanadas.com\/travaux-divers\/","url":"https:\/\/jeromecanadas.com\/travaux-divers\/","name":"Travaux divers (cuill\u00e8res, petit mobilier...) - J\u00e9r\u00f4me Canadas","isPartOf":{"@id":"https:\/\/jeromecanadas.com\/#website"},"primaryImageOfPage":{"@id":"https:\/\/jeromecanadas.com\/travaux-divers\/#primaryimage"},"image":{"@id":"https:\/\/jeromecanadas.com\/travaux-divers\/#primaryimage"},"thumbnailUrl":"http:\/\/jeromecanadas.com\/wp-content\/uploads\/2022\/06\/IMG_20220626_125001_06.jpg","datePublished":"2022-06-27T15:01:02+00:00","dateModified":"2024-06-06T13:04:54+00:00","breadcrumb":{"@id":"https:\/\/jeromecanadas.com\/travaux-divers\/#breadcrumb"},"inLanguage":"en-US","potentialAction":[{"@type":"ReadAction","target":["https:\/\/jeromecanadas.com\/travaux-divers\/"]}]},{"@type":"ImageObject","inLanguage":"en-US","@id":"https:\/\/jeromecanadas.com\/travaux-divers\/#primaryimage","url":"http:\/\/jeromecanadas.com\/wp-content\/uploads\/2022\/06\/IMG_20220626_125001_06.jpg","contentUrl":"http:\/\/jeromecanadas.com\/wp-content\/uploads\/2022\/06\/IMG_20220626_125001_06.jpg"},{"@type":"BreadcrumbList","@id":"https:\/\/jeromecanadas.com\/travaux-divers\/#breadcrumb","itemListElement":[{"@type":"ListItem","position":1,"name":"Accueil","item":"https:\/\/jeromecanadas.com\/en\/"},{"@type":"ListItem","position":2,"name":"Travaux divers (cuill\u00e8res, petit mobilier&#8230;)"}]},{"@type":"WebSite","@id":"https:\/\/jeromecanadas.com\/#website","url":"https:\/\/jeromecanadas.com\/","name":"J\u00e9r\u00f4me Canadas","description":"Canadas Cr\u00e9ations","publisher":{"@id":"https:\/\/jeromecanadas.com\/#\/schema\/person\/825506221f6e8b91ec43474b35bcabc3"},"potentialAction":[{"@type":"SearchAction","target":{"@type":"EntryPoint","urlTemplate":"https:\/\/jeromecanadas.com\/?s={search_term_string}"},"query-input":{"@type":"PropertyValueSpecification","valueRequired":true,"valueName":"search_term_string"}}],"inLanguage":"en-US"},{"@type":["Person","Organization"],"@id":"https:\/\/jeromecanadas.com\/#\/schema\/person\/825506221f6e8b91ec43474b35bcabc3","name":"wordpress","image":{"@type":"ImageObject","inLanguage":"en-US","@id":"https:\/\/secure.gravatar.com\/avatar\/e78042c4bdcb648015c7e6c91c5b38188d1e15cc3f04ebed374f74a5436c2b8b?s=96&d=mm&r=g","url":"https:\/\/secure.gravatar.com\/avatar\/e78042c4bdcb648015c7e6c91c5b38188d1e15cc3f04ebed374f74a5436c2b8b?s=96&d=mm&r=g","contentUrl":"https:\/\/secure.gravatar.com\/avatar\/e78042c4bdcb648015c7e6c91c5b38188d1e15cc3f04ebed374f74a5436c2b8b?s=96&d=mm&r=g","caption":"wordpress"},"logo":{"@id":"https:\/\/secure.gravatar.com\/avatar\/e78042c4bdcb648015c7e6c91c5b38188d1e15cc3f04ebed374f74a5436c2b8b?s=96&d=mm&r=g"},"sameAs":["http:\/\/jeromecanadas.com","https:\/\/www.facebook.com\/jeromecreativelife\/"]}]}},"_links":{"self":[{"href":"https:\/\/jeromecanadas.com\/en\/wp-json\/wp\/v2\/pages\/3106","targetHints":{"allow":["GET"]}}],"collection":[{"href":"https:\/\/jeromecanadas.com\/en\/wp-json\/wp\/v2\/pages"}],"about":[{"href":"https:\/\/jeromecanadas.com\/en\/wp-json\/wp\/v2\/types\/page"}],"author":[{"embeddable":true,"href":"https:\/\/jeromecanadas.com\/en\/wp-json\/wp\/v2\/users\/2"}],"replies":[{"embeddable":true,"href":"https:\/\/jeromecanadas.com\/en\/wp-json\/wp\/v2\/comments?post=3106"}],"version-history":[{"count":0,"href":"https:\/\/jeromecanadas.com\/en\/wp-json\/wp\/v2\/pages\/3106\/revisions"}],"wp:attachment":[{"href":"https:\/\/jeromecanadas.com\/en\/wp-json\/wp\/v2\/media?parent=3106"}],"curies":[{"name":"wp","href":"https:\/\/api.w.org\/{rel}","templated":true}]}}