{"id":302,"date":"2022-05-15T14:34:11","date_gmt":"2022-05-15T12:34:11","guid":{"rendered":"http:\/\/jeromecanadas.com\/?page_id=302"},"modified":"2023-04-22T20:36:44","modified_gmt":"2023-04-22T18:36:44","slug":"peinture","status":"publish","type":"page","link":"https:\/\/jeromecanadas.com\/en\/peinture\/","title":{"rendered":"Painting"},"content":{"rendered":"<div data-elementor-type=\"wp-page\" data-elementor-id=\"302\" class=\"elementor elementor-302\">\n\t\t\t\t\t\t<section class=\"elementor-section elementor-top-section elementor-element elementor-element-2ed01a0 elementor-section-boxed elementor-section-height-default elementor-section-height-default\" data-id=\"2ed01a0\" data-element_type=\"section\">\n\t\t\t\t\t\t<div class=\"elementor-container elementor-column-gap-default\">\n\t\t\t\t\t<div class=\"elementor-column elementor-col-100 elementor-top-column elementor-element elementor-element-f305761\" data-id=\"f305761\" data-element_type=\"column\">\n\t\t\t<div class=\"elementor-widget-wrap elementor-element-populated\">\n\t\t\t\t\t\t<div class=\"elementor-element elementor-element-426d993 elementor-widget elementor-widget-spacer\" data-id=\"426d993\" data-element_type=\"widget\" data-widget_type=\"spacer.default\">\n\t\t\t\t<div class=\"elementor-widget-container\">\n\t\t\t\t\t\t\t<div class=\"elementor-spacer\">\n\t\t\t<div class=\"elementor-spacer-inner\"><\/div>\n\t\t<\/div>\n\t\t\t\t\t\t<\/div>\n\t\t\t\t<\/div>\n\t\t\t\t<div class=\"elementor-element elementor-element-a4c007e elementor-widget elementor-widget-heading\" data-id=\"a4c007e\" data-element_type=\"widget\" data-widget_type=\"heading.default\">\n\t\t\t\t<div class=\"elementor-widget-container\">\n\t\t\t\t\t<h3 class=\"elementor-heading-title elementor-size-default\">Oil painting on canvas or paper<\/h3>\t\t\t\t<\/div>\n\t\t\t\t<\/div>\n\t\t\t\t<div class=\"elementor-element elementor-element-9b59803 elementor-hidden-desktop elementor-widget elementor-widget-heading\" data-id=\"9b59803\" data-element_type=\"widget\" data-widget_type=\"heading.default\">\n\t\t\t\t<div class=\"elementor-widget-container\">\n\t\t\t\t\t<h3 class=\"elementor-heading-title elementor-size-default\">Mon travail en peinture est une recherche et une expression de l \u00e9lan cr\u00e9atif vital \u00e0 la base de la vie<\/h3>\t\t\t\t<\/div>\n\t\t\t\t<\/div>\n\t\t\t\t\t<\/div>\n\t\t<\/div>\n\t\t\t\t\t<\/div>\n\t\t<\/section>\n\t\t\t\t<section class=\"elementor-section elementor-top-section elementor-element elementor-element-708d165 elementor-section-boxed elementor-section-height-default elementor-section-height-default\" data-id=\"708d165\" data-element_type=\"section\">\n\t\t\t\t\t\t<div class=\"elementor-container elementor-column-gap-default\">\n\t\t\t\t\t<div class=\"elementor-column elementor-col-100 elementor-top-column elementor-element elementor-element-8dee4ad\" data-id=\"8dee4ad\" data-element_type=\"column\">\n\t\t\t<div class=\"elementor-widget-wrap elementor-element-populated\">\n\t\t\t\t\t\t<div class=\"elementor-element elementor-element-9ab3e1f elementor-hidden-tablet elementor-hidden-mobile elementor-widget elementor-widget-eael-fancy-text\" data-id=\"9ab3e1f\" data-element_type=\"widget\" data-widget_type=\"eael-fancy-text.default\">\n\t\t\t\t<div class=\"elementor-widget-container\">\n\t\t\t\t\t\n\t<div  class=\"eael-fancy-text-container style-1 translation-block\" data-fancy-text-id=\"9ab3e1f\" data-fancy-text=\"|expression de l \u00e9lan cr\u00e9atif vital\" data-fancy-text-transition-type=\"fadeInLeft\" data-fancy-text-speed=\"\" data-fancy-text-delay=\"15555500\" data-fancy-text-cursor=\"\" data-fancy-text-loop=\"yes\" data-fancy-text-action=\"page_load\" ><span class=\"eael-fancy-text-prefix\">My work in painting is a research and<\/span>\n\t\t\n\t\t\n\t\t\t\t\t<span id=\"eael-fancy-text-9ab3e1f\" class=\"eael-fancy-text-strings solid-color morphext\"><span class=\"animated fadeInLeft\">\n\t\t\t\t\texpression of the vital creative force\t\t\t\t<\/span><\/span>\n\t\t\n\t\t\t\t\t<span class=\"eael-fancy-text-suffix\">wich is at the basis of life. <\/span><\/div><!-- close .eael-fancy-text-container -->\n\n\t<div class=\"clearfix\"><\/div>\n\n\t\t\t\t\t<\/div>\n\t\t\t\t<\/div>\n\t\t\t\t\t<\/div>\n\t\t<\/div>\n\t\t\t\t\t<\/div>\n\t\t<\/section>\n\t\t\t\t<section class=\"elementor-section elementor-top-section elementor-element elementor-element-ab3e8c1 elementor-section-boxed elementor-section-height-default elementor-section-height-default\" data-id=\"ab3e8c1\" data-element_type=\"section\">\n\t\t\t\t\t\t<div class=\"elementor-container elementor-column-gap-default\">\n\t\t\t\t\t<div class=\"elementor-column elementor-col-100 elementor-top-column elementor-element elementor-element-669c142\" data-id=\"669c142\" data-element_type=\"column\">\n\t\t\t<div class=\"elementor-widget-wrap elementor-element-populated\">\n\t\t\t\t\t\t<div class=\"elementor-element elementor-element-9358e95 elementor-widget elementor-widget-spacer\" data-id=\"9358e95\" data-element_type=\"widget\" data-widget_type=\"spacer.default\">\n\t\t\t\t<div class=\"elementor-widget-container\">\n\t\t\t\t\t\t\t<div class=\"elementor-spacer\">\n\t\t\t<div class=\"elementor-spacer-inner\"><\/div>\n\t\t<\/div>\n\t\t\t\t\t\t<\/div>\n\t\t\t\t<\/div>\n\t\t\t\t<div class=\"elementor-element elementor-element-1dfb71c elementor-widget-divider--view-line elementor-widget elementor-widget-divider\" data-id=\"1dfb71c\" data-element_type=\"widget\" data-widget_type=\"divider.default\">\n\t\t\t\t<div class=\"elementor-widget-container\">\n\t\t\t\t\t\t\t<div class=\"elementor-divider\">\n\t\t\t<span class=\"elementor-divider-separator\">\n\t\t\t\t\t\t<\/span>\n\t\t<\/div>\n\t\t\t\t\t\t<\/div>\n\t\t\t\t<\/div>\n\t\t\t\t<div class=\"elementor-element elementor-element-97f4c8e elementor-arrows-position-outside elementor-pagination-position-outside elementor-invisible elementor-widget elementor-widget-image-carousel\" data-id=\"97f4c8e\" data-element_type=\"widget\" data-settings=\"{&quot;pause_on_hover&quot;:&quot;no&quot;,&quot;autoplay_speed&quot;:2000,&quot;_animation&quot;:&quot;fadeInDown&quot;,&quot;slides_to_show&quot;:&quot;2&quot;,&quot;navigation&quot;:&quot;both&quot;,&quot;autoplay&quot;:&quot;yes&quot;,&quot;pause_on_interaction&quot;:&quot;yes&quot;,&quot;infinite&quot;:&quot;yes&quot;,&quot;speed&quot;:500}\" data-widget_type=\"image-carousel.default\">\n\t\t\t\t<div class=\"elementor-widget-container\">\n\t\t\t\t\t\t\t<div class=\"elementor-image-carousel-wrapper swiper\" role=\"region\" aria-roledescription=\"carousel\" aria-label=\"Image Carousel\" dir=\"ltr\">\n\t\t\t<div class=\"elementor-image-carousel swiper-wrapper\" aria-live=\"off\">\n\t\t\t\t\t\t\t\t<div class=\"swiper-slide\" role=\"group\" aria-roledescription=\"slide\" aria-label=\"1 of 7\"><figure class=\"swiper-slide-inner\"><img decoding=\"async\" class=\"swiper-slide-image\" src=\"https:\/\/jeromecanadas.com\/wp-content\/uploads\/2023\/04\/IMG_20220701_174926_02.jpg\" alt=\"IMG_20220701_174926_02\" \/><\/figure><\/div><div class=\"swiper-slide\" role=\"group\" aria-roledescription=\"slide\" aria-label=\"2 of 7\"><figure class=\"swiper-slide-inner\"><img decoding=\"async\" class=\"swiper-slide-image\" src=\"https:\/\/jeromecanadas.com\/wp-content\/uploads\/2023\/04\/P1015638.ORF_-scaled.jpg\" alt=\"P1015638.ORF\" \/><\/figure><\/div><div class=\"swiper-slide\" role=\"group\" aria-roledescription=\"slide\" aria-label=\"3 of 7\"><figure class=\"swiper-slide-inner\"><img decoding=\"async\" class=\"swiper-slide-image\" src=\"https:\/\/jeromecanadas.com\/wp-content\/uploads\/2023\/04\/IMG_20230420_103915-scaled.jpg\" alt=\"IMG_20230420_103915\" \/><\/figure><\/div><div class=\"swiper-slide\" role=\"group\" aria-roledescription=\"slide\" aria-label=\"4 of 7\"><figure class=\"swiper-slide-inner\"><img decoding=\"async\" class=\"swiper-slide-image\" src=\"https:\/\/jeromecanadas.com\/wp-content\/uploads\/2023\/04\/IMG_20230420_103743-scaled.jpg\" alt=\"IMG_20230420_103743\" \/><\/figure><\/div><div class=\"swiper-slide\" role=\"group\" aria-roledescription=\"slide\" aria-label=\"5 of 7\"><figure class=\"swiper-slide-inner\"><img decoding=\"async\" class=\"swiper-slide-image\" src=\"https:\/\/jeromecanadas.com\/wp-content\/uploads\/2023\/04\/P5290474-scaled.jpg\" alt=\"OLYMPUS DIGITAL CAMERA\" \/><\/figure><\/div><div class=\"swiper-slide\" role=\"group\" aria-roledescription=\"slide\" aria-label=\"6 of 7\"><figure class=\"swiper-slide-inner\"><img decoding=\"async\" class=\"swiper-slide-image\" src=\"https:\/\/jeromecanadas.com\/wp-content\/uploads\/2023\/04\/1681981702171-scaled.jpg\" alt=\"1681981702171\" \/><\/figure><\/div><div class=\"swiper-slide\" role=\"group\" aria-roledescription=\"slide\" aria-label=\"7 of 7\"><figure class=\"swiper-slide-inner\"><img decoding=\"async\" class=\"swiper-slide-image\" src=\"https:\/\/jeromecanadas.com\/wp-content\/uploads\/2023\/04\/P1015635.ORF_-scaled.jpg\" alt=\"P1015635.ORF\" \/><\/figure><\/div>\t\t\t<\/div>\n\t\t\t\t\t\t\t\t\t\t\t\t<div class=\"elementor-swiper-button elementor-swiper-button-prev\" role=\"button\" tabindex=\"0\">\n\t\t\t\t\t\t<i aria-hidden=\"true\" class=\"eicon-chevron-left\"><\/i>\t\t\t\t\t<\/div>\n\t\t\t\t\t<div class=\"elementor-swiper-button elementor-swiper-button-next\" role=\"button\" tabindex=\"0\">\n\t\t\t\t\t\t<i aria-hidden=\"true\" class=\"eicon-chevron-right\"><\/i>\t\t\t\t\t<\/div>\n\t\t\t\t\n\t\t\t\t\t\t\t\t\t<div class=\"swiper-pagination\"><\/div>\n\t\t\t\t\t\t\t\t\t<\/div>\n\t\t\t\t\t\t<\/div>\n\t\t\t\t<\/div>\n\t\t\t\t<div class=\"elementor-element elementor-element-5be1c43 elementor-widget elementor-widget-spacer\" data-id=\"5be1c43\" data-element_type=\"widget\" data-widget_type=\"spacer.default\">\n\t\t\t\t<div class=\"elementor-widget-container\">\n\t\t\t\t\t\t\t<div class=\"elementor-spacer\">\n\t\t\t<div class=\"elementor-spacer-inner\"><\/div>\n\t\t<\/div>\n\t\t\t\t\t\t<\/div>\n\t\t\t\t<\/div>\n\t\t\t\t\t<\/div>\n\t\t<\/div>\n\t\t\t\t\t<\/div>\n\t\t<\/section>\n\t\t\t\t<section class=\"elementor-section elementor-top-section elementor-element elementor-element-1e6219d elementor-section-boxed elementor-section-height-default elementor-section-height-default\" data-id=\"1e6219d\" data-element_type=\"section\">\n\t\t\t\t\t\t<div class=\"elementor-container elementor-column-gap-default\">\n\t\t\t\t\t<div class=\"elementor-column elementor-col-100 elementor-top-column elementor-element elementor-element-b521076\" data-id=\"b521076\" data-element_type=\"column\">\n\t\t\t<div class=\"elementor-widget-wrap elementor-element-populated\">\n\t\t\t\t\t\t<div class=\"elementor-element elementor-element-3263ecd elementor-widget elementor-widget-spacer\" data-id=\"3263ecd\" data-element_type=\"widget\" data-widget_type=\"spacer.default\">\n\t\t\t\t<div class=\"elementor-widget-container\">\n\t\t\t\t\t\t\t<div class=\"elementor-spacer\">\n\t\t\t<div class=\"elementor-spacer-inner\"><\/div>\n\t\t<\/div>\n\t\t\t\t\t\t<\/div>\n\t\t\t\t<\/div>\n\t\t\t\t<div class=\"elementor-element elementor-element-83a3ec0 e-transform elementor-widget elementor-widget-heading\" data-id=\"83a3ec0\" data-element_type=\"widget\" data-settings=\"{&quot;_transform_scale_effect_hover&quot;:{&quot;unit&quot;:&quot;px&quot;,&quot;size&quot;:1.3,&quot;sizes&quot;:[]},&quot;_transform_scale_effect_hover_tablet&quot;:{&quot;unit&quot;:&quot;px&quot;,&quot;size&quot;:&quot;&quot;,&quot;sizes&quot;:[]},&quot;_transform_scale_effect_hover_mobile&quot;:{&quot;unit&quot;:&quot;px&quot;,&quot;size&quot;:&quot;&quot;,&quot;sizes&quot;:[]}}\" data-widget_type=\"heading.default\">\n\t\t\t\t<div class=\"elementor-widget-container\">\n\t\t\t\t\t<h3 class=\"elementor-heading-title elementor-size-default\"><a href=\"http:\/\/jeromecanadas.com\/en\/abstraction\/\">Abstraction<\/a><\/h3>\t\t\t\t<\/div>\n\t\t\t\t<\/div>\n\t\t\t\t<div class=\"elementor-element elementor-element-4897d9f e-transform elementor-widget elementor-widget-heading\" data-id=\"4897d9f\" data-element_type=\"widget\" data-settings=\"{&quot;_transform_scale_effect_hover&quot;:{&quot;unit&quot;:&quot;px&quot;,&quot;size&quot;:1.3,&quot;sizes&quot;:[]},&quot;_transform_scale_effect_hover_tablet&quot;:{&quot;unit&quot;:&quot;px&quot;,&quot;size&quot;:&quot;&quot;,&quot;sizes&quot;:[]},&quot;_transform_scale_effect_hover_mobile&quot;:{&quot;unit&quot;:&quot;px&quot;,&quot;size&quot;:&quot;&quot;,&quot;sizes&quot;:[]}}\" data-widget_type=\"heading.default\">\n\t\t\t\t<div class=\"elementor-widget-container\">\n\t\t\t\t\t<h3 class=\"elementor-heading-title elementor-size-default\"><a href=\"http:\/\/jeromecanadas.com\/en\/nature-morte\/\">Still life<\/a><\/h3>\t\t\t\t<\/div>\n\t\t\t\t<\/div>\n\t\t\t\t<div class=\"elementor-element elementor-element-feedb26 e-transform elementor-widget elementor-widget-heading\" data-id=\"feedb26\" data-element_type=\"widget\" data-settings=\"{&quot;_transform_scale_effect_hover&quot;:{&quot;unit&quot;:&quot;px&quot;,&quot;size&quot;:1.3,&quot;sizes&quot;:[]},&quot;_transform_scale_effect_hover_tablet&quot;:{&quot;unit&quot;:&quot;px&quot;,&quot;size&quot;:&quot;&quot;,&quot;sizes&quot;:[]},&quot;_transform_scale_effect_hover_mobile&quot;:{&quot;unit&quot;:&quot;px&quot;,&quot;size&quot;:&quot;&quot;,&quot;sizes&quot;:[]}}\" data-widget_type=\"heading.default\">\n\t\t\t\t<div class=\"elementor-widget-container\">\n\t\t\t\t\t<h3 class=\"elementor-heading-title elementor-size-default\"><a href=\"http:\/\/jeromecanadas.com\/en\/portrait\/\">Portrait<\/a><\/h3>\t\t\t\t<\/div>\n\t\t\t\t<\/div>\n\t\t\t\t<div class=\"elementor-element elementor-element-1845d69 e-transform elementor-widget elementor-widget-heading\" data-id=\"1845d69\" data-element_type=\"widget\" data-settings=\"{&quot;_transform_scale_effect_hover&quot;:{&quot;unit&quot;:&quot;px&quot;,&quot;size&quot;:1.3,&quot;sizes&quot;:[]},&quot;_transform_scale_effect_hover_tablet&quot;:{&quot;unit&quot;:&quot;px&quot;,&quot;size&quot;:&quot;&quot;,&quot;sizes&quot;:[]},&quot;_transform_scale_effect_hover_mobile&quot;:{&quot;unit&quot;:&quot;px&quot;,&quot;size&quot;:&quot;&quot;,&quot;sizes&quot;:[]}}\" data-widget_type=\"heading.default\">\n\t\t\t\t<div class=\"elementor-widget-container\">\n\t\t\t\t\t<h3 class=\"elementor-heading-title elementor-size-default\"><a href=\"http:\/\/jeromecanadas.com\/en\/anciennes-peintures\/\">Old paintings<\/a><\/h3>\t\t\t\t<\/div>\n\t\t\t\t<\/div>\n\t\t\t\t\t<\/div>\n\t\t<\/div>\n\t\t\t\t\t<\/div>\n\t\t<\/section>\n\t\t\t\t<\/div>","protected":false},"excerpt":{"rendered":"<p>Peinture \u00e0 l&rsquo;huile sur toile ou papier Mon travail en peinture est une recherche et une expression de l \u00e9lan cr\u00e9atif vital \u00e0 la base de la vie Mon travail en peinture est une recherche et une expression de l \u00e9lan cr\u00e9atif vital qui est \u00e0 la base de la Vie. Pr\u00e9c\u00e9dent Suivant Abstraction Nature [&hellip;]<\/p>","protected":false},"author":1,"featured_media":0,"parent":0,"menu_order":0,"comment_status":"closed","ping_status":"closed","template":"","meta":{"site-sidebar-layout":"no-sidebar","site-content-layout":"page-builder","ast-site-content-layout":"default","site-content-style":"default","site-sidebar-style":"default","ast-global-header-display":"","ast-banner-title-visibility":"","ast-main-header-display":"","ast-hfb-above-header-display":"","ast-hfb-below-header-display":"","ast-hfb-mobile-header-display":"","site-post-title":"disabled","ast-breadcrumbs-content":"","ast-featured-img":"disabled","footer-sml-layout":"","theme-transparent-header-meta":"","adv-header-id-meta":"","stick-header-meta":"","header-above-stick-meta":"","header-main-stick-meta":"","header-below-stick-meta":"","astra-migrate-meta-layouts":"default","ast-page-background-enabled":"default","ast-page-background-meta":{"desktop":{"background-color":"var(--ast-global-color-4)","background-image":"","background-repeat":"repeat","background-position":"center center","background-size":"auto","background-attachment":"scroll","background-type":"","background-media":"","overlay-type":"","overlay-color":"","overlay-opacity":"","overlay-gradient":""},"tablet":{"background-color":"","background-image":"","background-repeat":"repeat","background-position":"center center","background-size":"auto","background-attachment":"scroll","background-type":"","background-media":"","overlay-type":"","overlay-color":"","overlay-opacity":"","overlay-gradient":""},"mobile":{"background-color":"","background-image":"","background-repeat":"repeat","background-position":"center center","background-size":"auto","background-attachment":"scroll","background-type":"","background-media":"","overlay-type":"","overlay-color":"","overlay-opacity":"","overlay-gradient":""}},"ast-content-background-meta":{"desktop":{"background-color":"var(--ast-global-color-5)","background-image":"","background-repeat":"repeat","background-position":"center center","background-size":"auto","background-attachment":"scroll","background-type":"","background-media":"","overlay-type":"","overlay-color":"","overlay-opacity":"","overlay-gradient":""},"tablet":{"background-color":"var(--ast-global-color-5)","background-image":"","background-repeat":"repeat","background-position":"center center","background-size":"auto","background-attachment":"scroll","background-type":"","background-media":"","overlay-type":"","overlay-color":"","overlay-opacity":"","overlay-gradient":""},"mobile":{"background-color":"var(--ast-global-color-5)","background-image":"","background-repeat":"repeat","background-position":"center center","background-size":"auto","background-attachment":"scroll","background-type":"","background-media":"","overlay-type":"","overlay-color":"","overlay-opacity":"","overlay-gradient":""}},"footnotes":""},"class_list":["post-302","page","type-page","status-publish","hentry"],"yoast_head":"<!-- This site is optimized with the Yoast SEO plugin v27.4 - https:\/\/yoast.com\/product\/yoast-seo-wordpress\/ -->\n<title>Peinture - J\u00e9r\u00f4me Canadas<\/title>\n<meta name=\"description\" content=\"Mon travail en peinture est une recherche et une expression de l \u00e9lan cr\u00e9atif vital qui est \u00e0 la base de la Vie.\" \/>\n<meta name=\"robots\" content=\"index, follow, max-snippet:-1, max-image-preview:large, max-video-preview:-1\" \/>\n<link rel=\"canonical\" href=\"https:\/\/jeromecanadas.com\/en\/peinture\/\" \/>\n<meta property=\"og:locale\" content=\"en_US\" \/>\n<meta property=\"og:type\" content=\"article\" \/>\n<meta property=\"og:title\" content=\"Peinture - J\u00e9r\u00f4me Canadas\" \/>\n<meta property=\"og:description\" content=\"Mon travail en peinture est une recherche et une expression de l \u00e9lan cr\u00e9atif vital qui est \u00e0 la base de la Vie.\" \/>\n<meta property=\"og:url\" content=\"https:\/\/jeromecanadas.com\/en\/peinture\/\" \/>\n<meta property=\"og:site_name\" content=\"J\u00e9r\u00f4me Canadas\" \/>\n<meta property=\"article:publisher\" content=\"https:\/\/www.facebook.com\/jeromecreativelife\/\" \/>\n<meta property=\"article:modified_time\" content=\"2023-04-22T18:36:44+00:00\" \/>\n<meta property=\"og:image\" content=\"http:\/\/jeromecanadas.com\/wp-content\/uploads\/2023\/04\/IMG_20220701_174926_02.jpg\" \/>\n<meta name=\"twitter:card\" content=\"summary_large_image\" \/>\n<meta name=\"twitter:label1\" content=\"Est. reading time\" \/>\n\t<meta name=\"twitter:data1\" content=\"3 minutes\" \/>\n<script type=\"application\/ld+json\" class=\"yoast-schema-graph\">{\"@context\":\"https:\\\/\\\/schema.org\",\"@graph\":[{\"@type\":\"WebPage\",\"@id\":\"https:\\\/\\\/jeromecanadas.com\\\/en\\\/peinture\\\/\",\"url\":\"https:\\\/\\\/jeromecanadas.com\\\/en\\\/peinture\\\/\",\"name\":\"Peinture - J\u00e9r\u00f4me Canadas\",\"isPartOf\":{\"@id\":\"https:\\\/\\\/jeromecanadas.com\\\/#website\"},\"primaryImageOfPage\":{\"@id\":\"https:\\\/\\\/jeromecanadas.com\\\/en\\\/peinture\\\/#primaryimage\"},\"image\":{\"@id\":\"https:\\\/\\\/jeromecanadas.com\\\/en\\\/peinture\\\/#primaryimage\"},\"thumbnailUrl\":\"http:\\\/\\\/jeromecanadas.com\\\/wp-content\\\/uploads\\\/2023\\\/04\\\/IMG_20220701_174926_02.jpg\",\"datePublished\":\"2022-05-15T12:34:11+00:00\",\"dateModified\":\"2023-04-22T18:36:44+00:00\",\"description\":\"Mon travail en peinture est une recherche et une expression de l \u00e9lan cr\u00e9atif vital qui est \u00e0 la base de la Vie.\",\"breadcrumb\":{\"@id\":\"https:\\\/\\\/jeromecanadas.com\\\/en\\\/peinture\\\/#breadcrumb\"},\"inLanguage\":\"en-US\",\"potentialAction\":[{\"@type\":\"ReadAction\",\"target\":[\"https:\\\/\\\/jeromecanadas.com\\\/en\\\/peinture\\\/\"]}]},{\"@type\":\"ImageObject\",\"inLanguage\":\"en-US\",\"@id\":\"https:\\\/\\\/jeromecanadas.com\\\/en\\\/peinture\\\/#primaryimage\",\"url\":\"http:\\\/\\\/jeromecanadas.com\\\/wp-content\\\/uploads\\\/2023\\\/04\\\/IMG_20220701_174926_02.jpg\",\"contentUrl\":\"http:\\\/\\\/jeromecanadas.com\\\/wp-content\\\/uploads\\\/2023\\\/04\\\/IMG_20220701_174926_02.jpg\"},{\"@type\":\"BreadcrumbList\",\"@id\":\"https:\\\/\\\/jeromecanadas.com\\\/en\\\/peinture\\\/#breadcrumb\",\"itemListElement\":[{\"@type\":\"ListItem\",\"position\":1,\"name\":\"Accueil\",\"item\":\"https:\\\/\\\/jeromecanadas.com\\\/en\\\/\"},{\"@type\":\"ListItem\",\"position\":2,\"name\":\"Peinture\"}]},{\"@type\":\"WebSite\",\"@id\":\"https:\\\/\\\/jeromecanadas.com\\\/#website\",\"url\":\"https:\\\/\\\/jeromecanadas.com\\\/\",\"name\":\"J\u00e9r\u00f4me Canadas\",\"description\":\"Canadas Cr\u00e9ations\",\"publisher\":{\"@id\":\"https:\\\/\\\/jeromecanadas.com\\\/#\\\/schema\\\/person\\\/825506221f6e8b91ec43474b35bcabc3\"},\"potentialAction\":[{\"@type\":\"SearchAction\",\"target\":{\"@type\":\"EntryPoint\",\"urlTemplate\":\"https:\\\/\\\/jeromecanadas.com\\\/?s={search_term_string}\"},\"query-input\":{\"@type\":\"PropertyValueSpecification\",\"valueRequired\":true,\"valueName\":\"search_term_string\"}}],\"inLanguage\":\"en-US\"},{\"@type\":[\"Person\",\"Organization\"],\"@id\":\"https:\\\/\\\/jeromecanadas.com\\\/#\\\/schema\\\/person\\\/825506221f6e8b91ec43474b35bcabc3\",\"name\":\"wordpress\",\"image\":{\"@type\":\"ImageObject\",\"inLanguage\":\"en-US\",\"@id\":\"https:\\\/\\\/secure.gravatar.com\\\/avatar\\\/e78042c4bdcb648015c7e6c91c5b38188d1e15cc3f04ebed374f74a5436c2b8b?s=96&d=mm&r=g\",\"url\":\"https:\\\/\\\/secure.gravatar.com\\\/avatar\\\/e78042c4bdcb648015c7e6c91c5b38188d1e15cc3f04ebed374f74a5436c2b8b?s=96&d=mm&r=g\",\"contentUrl\":\"https:\\\/\\\/secure.gravatar.com\\\/avatar\\\/e78042c4bdcb648015c7e6c91c5b38188d1e15cc3f04ebed374f74a5436c2b8b?s=96&d=mm&r=g\",\"caption\":\"wordpress\"},\"logo\":{\"@id\":\"https:\\\/\\\/secure.gravatar.com\\\/avatar\\\/e78042c4bdcb648015c7e6c91c5b38188d1e15cc3f04ebed374f74a5436c2b8b?s=96&d=mm&r=g\"},\"sameAs\":[\"http:\\\/\\\/jeromecanadas.com\",\"https:\\\/\\\/www.facebook.com\\\/jeromecreativelife\\\/\"]}]}<\/script>\n<!-- \/ Yoast SEO plugin. -->","yoast_head_json":{"title":"Peinture - J\u00e9r\u00f4me Canadas","description":"Mon travail en peinture est une recherche et une expression de l \u00e9lan cr\u00e9atif vital qui est \u00e0 la base de la Vie.","robots":{"index":"index","follow":"follow","max-snippet":"max-snippet:-1","max-image-preview":"max-image-preview:large","max-video-preview":"max-video-preview:-1"},"canonical":"https:\/\/jeromecanadas.com\/en\/peinture\/","og_locale":"en_US","og_type":"article","og_title":"Peinture - J\u00e9r\u00f4me Canadas","og_description":"Mon travail en peinture est une recherche et une expression de l \u00e9lan cr\u00e9atif vital qui est \u00e0 la base de la Vie.","og_url":"https:\/\/jeromecanadas.com\/en\/peinture\/","og_site_name":"J\u00e9r\u00f4me Canadas","article_publisher":"https:\/\/www.facebook.com\/jeromecreativelife\/","article_modified_time":"2023-04-22T18:36:44+00:00","og_image":[{"url":"http:\/\/jeromecanadas.com\/wp-content\/uploads\/2023\/04\/IMG_20220701_174926_02.jpg","type":"","width":"","height":""}],"twitter_card":"summary_large_image","twitter_misc":{"Est. reading time":"3 minutes"},"schema":{"@context":"https:\/\/schema.org","@graph":[{"@type":"WebPage","@id":"https:\/\/jeromecanadas.com\/en\/peinture\/","url":"https:\/\/jeromecanadas.com\/en\/peinture\/","name":"Peinture - J\u00e9r\u00f4me Canadas","isPartOf":{"@id":"https:\/\/jeromecanadas.com\/#website"},"primaryImageOfPage":{"@id":"https:\/\/jeromecanadas.com\/en\/peinture\/#primaryimage"},"image":{"@id":"https:\/\/jeromecanadas.com\/en\/peinture\/#primaryimage"},"thumbnailUrl":"http:\/\/jeromecanadas.com\/wp-content\/uploads\/2023\/04\/IMG_20220701_174926_02.jpg","datePublished":"2022-05-15T12:34:11+00:00","dateModified":"2023-04-22T18:36:44+00:00","description":"Mon travail en peinture est une recherche et une expression de l \u00e9lan cr\u00e9atif vital qui est \u00e0 la base de la Vie.","breadcrumb":{"@id":"https:\/\/jeromecanadas.com\/en\/peinture\/#breadcrumb"},"inLanguage":"en-US","potentialAction":[{"@type":"ReadAction","target":["https:\/\/jeromecanadas.com\/en\/peinture\/"]}]},{"@type":"ImageObject","inLanguage":"en-US","@id":"https:\/\/jeromecanadas.com\/en\/peinture\/#primaryimage","url":"http:\/\/jeromecanadas.com\/wp-content\/uploads\/2023\/04\/IMG_20220701_174926_02.jpg","contentUrl":"http:\/\/jeromecanadas.com\/wp-content\/uploads\/2023\/04\/IMG_20220701_174926_02.jpg"},{"@type":"BreadcrumbList","@id":"https:\/\/jeromecanadas.com\/en\/peinture\/#breadcrumb","itemListElement":[{"@type":"ListItem","position":1,"name":"Accueil","item":"https:\/\/jeromecanadas.com\/en\/"},{"@type":"ListItem","position":2,"name":"Peinture"}]},{"@type":"WebSite","@id":"https:\/\/jeromecanadas.com\/#website","url":"https:\/\/jeromecanadas.com\/","name":"J\u00e9r\u00f4me Canadas","description":"Canadas Cr\u00e9ations","publisher":{"@id":"https:\/\/jeromecanadas.com\/#\/schema\/person\/825506221f6e8b91ec43474b35bcabc3"},"potentialAction":[{"@type":"SearchAction","target":{"@type":"EntryPoint","urlTemplate":"https:\/\/jeromecanadas.com\/?s={search_term_string}"},"query-input":{"@type":"PropertyValueSpecification","valueRequired":true,"valueName":"search_term_string"}}],"inLanguage":"en-US"},{"@type":["Person","Organization"],"@id":"https:\/\/jeromecanadas.com\/#\/schema\/person\/825506221f6e8b91ec43474b35bcabc3","name":"wordpress","image":{"@type":"ImageObject","inLanguage":"en-US","@id":"https:\/\/secure.gravatar.com\/avatar\/e78042c4bdcb648015c7e6c91c5b38188d1e15cc3f04ebed374f74a5436c2b8b?s=96&d=mm&r=g","url":"https:\/\/secure.gravatar.com\/avatar\/e78042c4bdcb648015c7e6c91c5b38188d1e15cc3f04ebed374f74a5436c2b8b?s=96&d=mm&r=g","contentUrl":"https:\/\/secure.gravatar.com\/avatar\/e78042c4bdcb648015c7e6c91c5b38188d1e15cc3f04ebed374f74a5436c2b8b?s=96&d=mm&r=g","caption":"wordpress"},"logo":{"@id":"https:\/\/secure.gravatar.com\/avatar\/e78042c4bdcb648015c7e6c91c5b38188d1e15cc3f04ebed374f74a5436c2b8b?s=96&d=mm&r=g"},"sameAs":["http:\/\/jeromecanadas.com","https:\/\/www.facebook.com\/jeromecreativelife\/"]}]}},"_links":{"self":[{"href":"https:\/\/jeromecanadas.com\/en\/wp-json\/wp\/v2\/pages\/302","targetHints":{"allow":["GET"]}}],"collection":[{"href":"https:\/\/jeromecanadas.com\/en\/wp-json\/wp\/v2\/pages"}],"about":[{"href":"https:\/\/jeromecanadas.com\/en\/wp-json\/wp\/v2\/types\/page"}],"author":[{"embeddable":true,"href":"https:\/\/jeromecanadas.com\/en\/wp-json\/wp\/v2\/users\/1"}],"replies":[{"embeddable":true,"href":"https:\/\/jeromecanadas.com\/en\/wp-json\/wp\/v2\/comments?post=302"}],"version-history":[{"count":0,"href":"https:\/\/jeromecanadas.com\/en\/wp-json\/wp\/v2\/pages\/302\/revisions"}],"wp:attachment":[{"href":"https:\/\/jeromecanadas.com\/en\/wp-json\/wp\/v2\/media?parent=302"}],"curies":[{"name":"wp","href":"https:\/\/api.w.org\/{rel}","templated":true}]}}