{"id":2581,"date":"2022-06-17T18:26:42","date_gmt":"2022-06-17T16:26:42","guid":{"rendered":"http:\/\/jeromecanadas.com\/?page_id=2581"},"modified":"2022-08-19T20:48:42","modified_gmt":"2022-08-19T18:48:42","slug":"expos-en-cours","status":"publish","type":"page","link":"https:\/\/jeromecanadas.com\/en\/expos-en-cours\/","title":{"rendered":"Expos En Cours"},"content":{"rendered":"<div data-elementor-type=\"wp-page\" data-elementor-id=\"2581\" class=\"elementor elementor-2581\">\n\t\t\t\t\t\t<section class=\"elementor-section elementor-top-section elementor-element elementor-element-5c1bf9b elementor-section-boxed elementor-section-height-default elementor-section-height-default\" data-id=\"5c1bf9b\" data-element_type=\"section\">\n\t\t\t\t\t\t<div class=\"elementor-container elementor-column-gap-default\">\n\t\t\t\t\t<div class=\"elementor-column elementor-col-100 elementor-top-column elementor-element elementor-element-1058d69\" data-id=\"1058d69\" data-element_type=\"column\">\n\t\t\t<div class=\"elementor-widget-wrap elementor-element-populated\">\n\t\t\t\t\t\t<div class=\"elementor-element elementor-element-fb487ea elementor-widget elementor-widget-spacer\" data-id=\"fb487ea\" data-element_type=\"widget\" data-widget_type=\"spacer.default\">\n\t\t\t\t<div class=\"elementor-widget-container\">\n\t\t\t\t\t\t\t<div class=\"elementor-spacer\">\n\t\t\t<div class=\"elementor-spacer-inner\"><\/div>\n\t\t<\/div>\n\t\t\t\t\t\t<\/div>\n\t\t\t\t<\/div>\n\t\t\t\t<div class=\"elementor-element elementor-element-2e5710f elementor-widget-divider--view-line elementor-widget elementor-widget-divider\" data-id=\"2e5710f\" data-element_type=\"widget\" data-widget_type=\"divider.default\">\n\t\t\t\t<div class=\"elementor-widget-container\">\n\t\t\t\t\t\t\t<div class=\"elementor-divider\">\n\t\t\t<span class=\"elementor-divider-separator\">\n\t\t\t\t\t\t<\/span>\n\t\t<\/div>\n\t\t\t\t\t\t<\/div>\n\t\t\t\t<\/div>\n\t\t\t\t<div class=\"elementor-element elementor-element-e684144 elementor-widget elementor-widget-spacer\" data-id=\"e684144\" data-element_type=\"widget\" data-widget_type=\"spacer.default\">\n\t\t\t\t<div class=\"elementor-widget-container\">\n\t\t\t\t\t\t\t<div class=\"elementor-spacer\">\n\t\t\t<div class=\"elementor-spacer-inner\"><\/div>\n\t\t<\/div>\n\t\t\t\t\t\t<\/div>\n\t\t\t\t<\/div>\n\t\t\t\t<div class=\"elementor-element elementor-element-4e4991c elementor-widget elementor-widget-spacer\" data-id=\"4e4991c\" data-element_type=\"widget\" data-widget_type=\"spacer.default\">\n\t\t\t\t<div class=\"elementor-widget-container\">\n\t\t\t\t\t\t\t<div class=\"elementor-spacer\">\n\t\t\t<div class=\"elementor-spacer-inner\"><\/div>\n\t\t<\/div>\n\t\t\t\t\t\t<\/div>\n\t\t\t\t<\/div>\n\t\t\t\t\t<\/div>\n\t\t<\/div>\n\t\t\t\t\t<\/div>\n\t\t<\/section>\n\t\t\t\t<section class=\"elementor-section elementor-top-section elementor-element elementor-element-c7ff899 elementor-section-boxed elementor-section-height-default elementor-section-height-default\" data-id=\"c7ff899\" data-element_type=\"section\">\n\t\t\t\t\t\t<div class=\"elementor-container elementor-column-gap-default\">\n\t\t\t\t\t<div class=\"elementor-column elementor-col-100 elementor-top-column elementor-element elementor-element-8584360\" data-id=\"8584360\" data-element_type=\"column\">\n\t\t\t<div class=\"elementor-widget-wrap elementor-element-populated\">\n\t\t\t\t\t\t<div class=\"elementor-element elementor-element-745afa6 elementor-widget elementor-widget-spacer\" data-id=\"745afa6\" data-element_type=\"widget\" data-widget_type=\"spacer.default\">\n\t\t\t\t<div class=\"elementor-widget-container\">\n\t\t\t\t\t\t\t<div class=\"elementor-spacer\">\n\t\t\t<div class=\"elementor-spacer-inner\"><\/div>\n\t\t<\/div>\n\t\t\t\t\t\t<\/div>\n\t\t\t\t<\/div>\n\t\t\t\t\t<\/div>\n\t\t<\/div>\n\t\t\t\t\t<\/div>\n\t\t<\/section>\n\t\t\t\t<\/div>","protected":false},"excerpt":{"rendered":"","protected":false},"author":1,"featured_media":0,"parent":0,"menu_order":0,"comment_status":"closed","ping_status":"closed","template":"","meta":{"site-sidebar-layout":"no-sidebar","site-content-layout":"page-builder","ast-site-content-layout":"default","site-content-style":"default","site-sidebar-style":"default","ast-global-header-display":"","ast-banner-title-visibility":"","ast-main-header-display":"","ast-hfb-above-header-display":"","ast-hfb-below-header-display":"","ast-hfb-mobile-header-display":"","site-post-title":"disabled","ast-breadcrumbs-content":"","ast-featured-img":"disabled","footer-sml-layout":"","theme-transparent-header-meta":"","adv-header-id-meta":"","stick-header-meta":"","header-above-stick-meta":"","header-main-stick-meta":"","header-below-stick-meta":"","astra-migrate-meta-layouts":"default","ast-page-background-enabled":"default","ast-page-background-meta":{"desktop":{"background-color":"var(--ast-global-color-4)","background-image":"","background-repeat":"repeat","background-position":"center center","background-size":"auto","background-attachment":"scroll","background-type":"","background-media":"","overlay-type":"","overlay-color":"","overlay-opacity":"","overlay-gradient":""},"tablet":{"background-color":"","background-image":"","background-repeat":"repeat","background-position":"center center","background-size":"auto","background-attachment":"scroll","background-type":"","background-media":"","overlay-type":"","overlay-color":"","overlay-opacity":"","overlay-gradient":""},"mobile":{"background-color":"","background-image":"","background-repeat":"repeat","background-position":"center center","background-size":"auto","background-attachment":"scroll","background-type":"","background-media":"","overlay-type":"","overlay-color":"","overlay-opacity":"","overlay-gradient":""}},"ast-content-background-meta":{"desktop":{"background-color":"var(--ast-global-color-5)","background-image":"","background-repeat":"repeat","background-position":"center center","background-size":"auto","background-attachment":"scroll","background-type":"","background-media":"","overlay-type":"","overlay-color":"","overlay-opacity":"","overlay-gradient":""},"tablet":{"background-color":"var(--ast-global-color-5)","background-image":"","background-repeat":"repeat","background-position":"center center","background-size":"auto","background-attachment":"scroll","background-type":"","background-media":"","overlay-type":"","overlay-color":"","overlay-opacity":"","overlay-gradient":""},"mobile":{"background-color":"var(--ast-global-color-5)","background-image":"","background-repeat":"repeat","background-position":"center center","background-size":"auto","background-attachment":"scroll","background-type":"","background-media":"","overlay-type":"","overlay-color":"","overlay-opacity":"","overlay-gradient":""}},"footnotes":""},"class_list":["post-2581","page","type-page","status-publish","hentry"],"yoast_head":"<!-- This site is optimized with the Yoast SEO plugin v27.4 - https:\/\/yoast.com\/product\/yoast-seo-wordpress\/ -->\n<title>Expos En Cours - J\u00e9r\u00f4me Canadas<\/title>\n<meta name=\"robots\" content=\"index, follow, max-snippet:-1, max-image-preview:large, max-video-preview:-1\" \/>\n<link rel=\"canonical\" href=\"https:\/\/jeromecanadas.com\/en\/expos-en-cours\/\" \/>\n<meta property=\"og:locale\" content=\"en_US\" \/>\n<meta property=\"og:type\" content=\"article\" \/>\n<meta property=\"og:title\" content=\"Expos En Cours - J\u00e9r\u00f4me Canadas\" \/>\n<meta property=\"og:url\" content=\"https:\/\/jeromecanadas.com\/en\/expos-en-cours\/\" \/>\n<meta property=\"og:site_name\" content=\"J\u00e9r\u00f4me Canadas\" \/>\n<meta property=\"article:publisher\" content=\"https:\/\/www.facebook.com\/jeromecreativelife\/\" \/>\n<meta property=\"article:modified_time\" content=\"2022-08-19T18:48:42+00:00\" \/>\n<meta name=\"twitter:card\" content=\"summary_large_image\" \/>\n<script type=\"application\/ld+json\" class=\"yoast-schema-graph\">{\"@context\":\"https:\\\/\\\/schema.org\",\"@graph\":[{\"@type\":\"WebPage\",\"@id\":\"https:\\\/\\\/jeromecanadas.com\\\/en\\\/expos-en-cours\\\/\",\"url\":\"https:\\\/\\\/jeromecanadas.com\\\/en\\\/expos-en-cours\\\/\",\"name\":\"Expos En Cours - J\u00e9r\u00f4me Canadas\",\"isPartOf\":{\"@id\":\"https:\\\/\\\/jeromecanadas.com\\\/#website\"},\"datePublished\":\"2022-06-17T16:26:42+00:00\",\"dateModified\":\"2022-08-19T18:48:42+00:00\",\"breadcrumb\":{\"@id\":\"https:\\\/\\\/jeromecanadas.com\\\/en\\\/expos-en-cours\\\/#breadcrumb\"},\"inLanguage\":\"en-US\",\"potentialAction\":[{\"@type\":\"ReadAction\",\"target\":[\"https:\\\/\\\/jeromecanadas.com\\\/en\\\/expos-en-cours\\\/\"]}]},{\"@type\":\"BreadcrumbList\",\"@id\":\"https:\\\/\\\/jeromecanadas.com\\\/en\\\/expos-en-cours\\\/#breadcrumb\",\"itemListElement\":[{\"@type\":\"ListItem\",\"position\":1,\"name\":\"Accueil\",\"item\":\"https:\\\/\\\/jeromecanadas.com\\\/en\\\/\"},{\"@type\":\"ListItem\",\"position\":2,\"name\":\"Expos En Cours\"}]},{\"@type\":\"WebSite\",\"@id\":\"https:\\\/\\\/jeromecanadas.com\\\/#website\",\"url\":\"https:\\\/\\\/jeromecanadas.com\\\/\",\"name\":\"J\u00e9r\u00f4me Canadas\",\"description\":\"Canadas Cr\u00e9ations\",\"publisher\":{\"@id\":\"https:\\\/\\\/jeromecanadas.com\\\/#\\\/schema\\\/person\\\/825506221f6e8b91ec43474b35bcabc3\"},\"potentialAction\":[{\"@type\":\"SearchAction\",\"target\":{\"@type\":\"EntryPoint\",\"urlTemplate\":\"https:\\\/\\\/jeromecanadas.com\\\/?s={search_term_string}\"},\"query-input\":{\"@type\":\"PropertyValueSpecification\",\"valueRequired\":true,\"valueName\":\"search_term_string\"}}],\"inLanguage\":\"en-US\"},{\"@type\":[\"Person\",\"Organization\"],\"@id\":\"https:\\\/\\\/jeromecanadas.com\\\/#\\\/schema\\\/person\\\/825506221f6e8b91ec43474b35bcabc3\",\"name\":\"wordpress\",\"image\":{\"@type\":\"ImageObject\",\"inLanguage\":\"en-US\",\"@id\":\"https:\\\/\\\/secure.gravatar.com\\\/avatar\\\/e78042c4bdcb648015c7e6c91c5b38188d1e15cc3f04ebed374f74a5436c2b8b?s=96&d=mm&r=g\",\"url\":\"https:\\\/\\\/secure.gravatar.com\\\/avatar\\\/e78042c4bdcb648015c7e6c91c5b38188d1e15cc3f04ebed374f74a5436c2b8b?s=96&d=mm&r=g\",\"contentUrl\":\"https:\\\/\\\/secure.gravatar.com\\\/avatar\\\/e78042c4bdcb648015c7e6c91c5b38188d1e15cc3f04ebed374f74a5436c2b8b?s=96&d=mm&r=g\",\"caption\":\"wordpress\"},\"logo\":{\"@id\":\"https:\\\/\\\/secure.gravatar.com\\\/avatar\\\/e78042c4bdcb648015c7e6c91c5b38188d1e15cc3f04ebed374f74a5436c2b8b?s=96&d=mm&r=g\"},\"sameAs\":[\"http:\\\/\\\/jeromecanadas.com\",\"https:\\\/\\\/www.facebook.com\\\/jeromecreativelife\\\/\"]}]}<\/script>\n<!-- \/ Yoast SEO plugin. -->","yoast_head_json":{"title":"Expos En Cours - J\u00e9r\u00f4me Canadas","robots":{"index":"index","follow":"follow","max-snippet":"max-snippet:-1","max-image-preview":"max-image-preview:large","max-video-preview":"max-video-preview:-1"},"canonical":"https:\/\/jeromecanadas.com\/en\/expos-en-cours\/","og_locale":"en_US","og_type":"article","og_title":"Expos En Cours - J\u00e9r\u00f4me Canadas","og_url":"https:\/\/jeromecanadas.com\/en\/expos-en-cours\/","og_site_name":"J\u00e9r\u00f4me Canadas","article_publisher":"https:\/\/www.facebook.com\/jeromecreativelife\/","article_modified_time":"2022-08-19T18:48:42+00:00","twitter_card":"summary_large_image","schema":{"@context":"https:\/\/schema.org","@graph":[{"@type":"WebPage","@id":"https:\/\/jeromecanadas.com\/en\/expos-en-cours\/","url":"https:\/\/jeromecanadas.com\/en\/expos-en-cours\/","name":"Expos En Cours - J\u00e9r\u00f4me Canadas","isPartOf":{"@id":"https:\/\/jeromecanadas.com\/#website"},"datePublished":"2022-06-17T16:26:42+00:00","dateModified":"2022-08-19T18:48:42+00:00","breadcrumb":{"@id":"https:\/\/jeromecanadas.com\/en\/expos-en-cours\/#breadcrumb"},"inLanguage":"en-US","potentialAction":[{"@type":"ReadAction","target":["https:\/\/jeromecanadas.com\/en\/expos-en-cours\/"]}]},{"@type":"BreadcrumbList","@id":"https:\/\/jeromecanadas.com\/en\/expos-en-cours\/#breadcrumb","itemListElement":[{"@type":"ListItem","position":1,"name":"Accueil","item":"https:\/\/jeromecanadas.com\/en\/"},{"@type":"ListItem","position":2,"name":"Expos En Cours"}]},{"@type":"WebSite","@id":"https:\/\/jeromecanadas.com\/#website","url":"https:\/\/jeromecanadas.com\/","name":"J\u00e9r\u00f4me Canadas","description":"Canadas Cr\u00e9ations","publisher":{"@id":"https:\/\/jeromecanadas.com\/#\/schema\/person\/825506221f6e8b91ec43474b35bcabc3"},"potentialAction":[{"@type":"SearchAction","target":{"@type":"EntryPoint","urlTemplate":"https:\/\/jeromecanadas.com\/?s={search_term_string}"},"query-input":{"@type":"PropertyValueSpecification","valueRequired":true,"valueName":"search_term_string"}}],"inLanguage":"en-US"},{"@type":["Person","Organization"],"@id":"https:\/\/jeromecanadas.com\/#\/schema\/person\/825506221f6e8b91ec43474b35bcabc3","name":"wordpress","image":{"@type":"ImageObject","inLanguage":"en-US","@id":"https:\/\/secure.gravatar.com\/avatar\/e78042c4bdcb648015c7e6c91c5b38188d1e15cc3f04ebed374f74a5436c2b8b?s=96&d=mm&r=g","url":"https:\/\/secure.gravatar.com\/avatar\/e78042c4bdcb648015c7e6c91c5b38188d1e15cc3f04ebed374f74a5436c2b8b?s=96&d=mm&r=g","contentUrl":"https:\/\/secure.gravatar.com\/avatar\/e78042c4bdcb648015c7e6c91c5b38188d1e15cc3f04ebed374f74a5436c2b8b?s=96&d=mm&r=g","caption":"wordpress"},"logo":{"@id":"https:\/\/secure.gravatar.com\/avatar\/e78042c4bdcb648015c7e6c91c5b38188d1e15cc3f04ebed374f74a5436c2b8b?s=96&d=mm&r=g"},"sameAs":["http:\/\/jeromecanadas.com","https:\/\/www.facebook.com\/jeromecreativelife\/"]}]}},"_links":{"self":[{"href":"https:\/\/jeromecanadas.com\/en\/wp-json\/wp\/v2\/pages\/2581","targetHints":{"allow":["GET"]}}],"collection":[{"href":"https:\/\/jeromecanadas.com\/en\/wp-json\/wp\/v2\/pages"}],"about":[{"href":"https:\/\/jeromecanadas.com\/en\/wp-json\/wp\/v2\/types\/page"}],"author":[{"embeddable":true,"href":"https:\/\/jeromecanadas.com\/en\/wp-json\/wp\/v2\/users\/1"}],"replies":[{"embeddable":true,"href":"https:\/\/jeromecanadas.com\/en\/wp-json\/wp\/v2\/comments?post=2581"}],"version-history":[{"count":0,"href":"https:\/\/jeromecanadas.com\/en\/wp-json\/wp\/v2\/pages\/2581\/revisions"}],"wp:attachment":[{"href":"https:\/\/jeromecanadas.com\/en\/wp-json\/wp\/v2\/media?parent=2581"}],"curies":[{"name":"wp","href":"https:\/\/api.w.org\/{rel}","templated":true}]}}