{"id":2578,"date":"2022-06-17T18:25:50","date_gmt":"2022-06-17T16:25:50","guid":{"rendered":"http:\/\/jeromecanadas.com\/?page_id=2578"},"modified":"2022-08-16T19:19:24","modified_gmt":"2022-08-16T17:19:24","slug":"expo","status":"publish","type":"page","link":"https:\/\/jeromecanadas.com\/en\/expo\/","title":{"rendered":"Expo"},"content":{"rendered":"<div data-elementor-type=\"wp-page\" data-elementor-id=\"2578\" class=\"elementor elementor-2578\">\n\t\t\t\t\t\t<section class=\"elementor-section elementor-top-section elementor-element elementor-element-060cdb6 elementor-section-boxed elementor-section-height-default elementor-section-height-default\" data-id=\"060cdb6\" data-element_type=\"section\">\n\t\t\t\t\t\t<div class=\"elementor-container elementor-column-gap-default\">\n\t\t\t\t\t<div class=\"elementor-column elementor-col-100 elementor-top-column elementor-element elementor-element-aeb4fd4\" data-id=\"aeb4fd4\" data-element_type=\"column\">\n\t\t\t<div class=\"elementor-widget-wrap elementor-element-populated\">\n\t\t\t\t\t\t<div class=\"elementor-element elementor-element-851fb25 elementor-widget elementor-widget-spacer\" data-id=\"851fb25\" data-element_type=\"widget\" data-widget_type=\"spacer.default\">\n\t\t\t\t<div class=\"elementor-widget-container\">\n\t\t\t\t\t\t\t<div class=\"elementor-spacer\">\n\t\t\t<div class=\"elementor-spacer-inner\"><\/div>\n\t\t<\/div>\n\t\t\t\t\t\t<\/div>\n\t\t\t\t<\/div>\n\t\t\t\t<div class=\"elementor-element elementor-element-c3fc04c elementor-widget elementor-widget-heading\" data-id=\"c3fc04c\" data-element_type=\"widget\" data-widget_type=\"heading.default\">\n\t\t\t\t<div class=\"elementor-widget-container\">\n\t\t\t\t\t<h3 class=\"elementor-heading-title elementor-size-default\"><a href=\"http:\/\/jeromecanadas.com\/en\/expos-en-cours\/\">Expositions en cours<\/a><\/h3>\t\t\t\t<\/div>\n\t\t\t\t<\/div>\n\t\t\t\t<div class=\"elementor-element elementor-element-4ba8c13 elementor-widget elementor-widget-heading\" data-id=\"4ba8c13\" data-element_type=\"widget\" data-widget_type=\"heading.default\">\n\t\t\t\t<div class=\"elementor-widget-container\">\n\t\t\t\t\t<h3 class=\"elementor-heading-title elementor-size-default\"><a href=\"http:\/\/jeromecanadas.com\/en\/expos-passees\/\">Past Exibittions<\/a><\/h3>\t\t\t\t<\/div>\n\t\t\t\t<\/div>\n\t\t\t\t<div class=\"elementor-element elementor-element-079f8f4 elementor-widget elementor-widget-spacer\" data-id=\"079f8f4\" data-element_type=\"widget\" data-widget_type=\"spacer.default\">\n\t\t\t\t<div class=\"elementor-widget-container\">\n\t\t\t\t\t\t\t<div class=\"elementor-spacer\">\n\t\t\t<div class=\"elementor-spacer-inner\"><\/div>\n\t\t<\/div>\n\t\t\t\t\t\t<\/div>\n\t\t\t\t<\/div>\n\t\t\t\t<div class=\"elementor-element elementor-element-f8760ab elementor-widget elementor-widget-image\" data-id=\"f8760ab\" data-element_type=\"widget\" data-widget_type=\"image.default\">\n\t\t\t\t<div class=\"elementor-widget-container\">\n\t\t\t\t\t\t\t\t\t\t\t\t\t\t\t<img fetchpriority=\"high\" decoding=\"async\" width=\"768\" height=\"1086\" src=\"https:\/\/jeromecanadas.com\/wp-content\/uploads\/2022\/06\/Expo-Jerome-Canadas-Ste-Croix-peinture-et-bois-768x1086.jpg\" class=\"attachment-medium_large size-medium_large wp-image-2736\" alt=\"\" srcset=\"https:\/\/jeromecanadas.com\/wp-content\/uploads\/2022\/06\/Expo-Jerome-Canadas-Ste-Croix-peinture-et-bois-768x1086.jpg 768w, https:\/\/jeromecanadas.com\/wp-content\/uploads\/2022\/06\/Expo-Jerome-Canadas-Ste-Croix-peinture-et-bois-212x300.jpg 212w, https:\/\/jeromecanadas.com\/wp-content\/uploads\/2022\/06\/Expo-Jerome-Canadas-Ste-Croix-peinture-et-bois-724x1024.jpg 724w, https:\/\/jeromecanadas.com\/wp-content\/uploads\/2022\/06\/Expo-Jerome-Canadas-Ste-Croix-peinture-et-bois-1086x1536.jpg 1086w, https:\/\/jeromecanadas.com\/wp-content\/uploads\/2022\/06\/Expo-Jerome-Canadas-Ste-Croix-peinture-et-bois.jpg 1241w\" sizes=\"(max-width: 768px) 100vw, 768px\" \/>\t\t\t\t\t\t\t\t\t\t\t\t\t\t\t<\/div>\n\t\t\t\t<\/div>\n\t\t\t\t<div class=\"elementor-element elementor-element-e0bd327 elementor-widget elementor-widget-spacer\" data-id=\"e0bd327\" data-element_type=\"widget\" data-widget_type=\"spacer.default\">\n\t\t\t\t<div class=\"elementor-widget-container\">\n\t\t\t\t\t\t\t<div class=\"elementor-spacer\">\n\t\t\t<div class=\"elementor-spacer-inner\"><\/div>\n\t\t<\/div>\n\t\t\t\t\t\t<\/div>\n\t\t\t\t<\/div>\n\t\t\t\t\t<\/div>\n\t\t<\/div>\n\t\t\t\t\t<\/div>\n\t\t<\/section>\n\t\t\t\t<section class=\"elementor-section elementor-top-section elementor-element elementor-element-89fd42b elementor-section-boxed elementor-section-height-default elementor-section-height-default\" data-id=\"89fd42b\" data-element_type=\"section\">\n\t\t\t\t\t\t<div class=\"elementor-container elementor-column-gap-default\">\n\t\t\t\t\t<div class=\"elementor-column elementor-col-100 elementor-top-column elementor-element elementor-element-ec9ba66\" data-id=\"ec9ba66\" data-element_type=\"column\">\n\t\t\t<div class=\"elementor-widget-wrap elementor-element-populated\">\n\t\t\t\t\t\t<div class=\"elementor-element elementor-element-78d2a63 elementor-widget elementor-widget-image\" data-id=\"78d2a63\" data-element_type=\"widget\" data-widget_type=\"image.default\">\n\t\t\t\t<div class=\"elementor-widget-container\">\n\t\t\t\t\t\t\t\t\t\t\t\t\t\t\t<img decoding=\"async\" width=\"724\" height=\"1024\" src=\"https:\/\/jeromecanadas.com\/wp-content\/uploads\/2022\/06\/affiche_expo_mai_2021-724x1024.png\" class=\"attachment-large size-large wp-image-2688\" alt=\"\" srcset=\"https:\/\/jeromecanadas.com\/wp-content\/uploads\/2022\/06\/affiche_expo_mai_2021-724x1024.png 724w, https:\/\/jeromecanadas.com\/wp-content\/uploads\/2022\/06\/affiche_expo_mai_2021-212x300.png 212w, https:\/\/jeromecanadas.com\/wp-content\/uploads\/2022\/06\/affiche_expo_mai_2021-768x1086.png 768w, https:\/\/jeromecanadas.com\/wp-content\/uploads\/2022\/06\/affiche_expo_mai_2021.png 1024w\" sizes=\"(max-width: 724px) 100vw, 724px\" \/>\t\t\t\t\t\t\t\t\t\t\t\t\t\t\t<\/div>\n\t\t\t\t<\/div>\n\t\t\t\t\t<\/div>\n\t\t<\/div>\n\t\t\t\t\t<\/div>\n\t\t<\/section>\n\t\t\t\t<section class=\"elementor-section elementor-top-section elementor-element elementor-element-eeb286f elementor-section-boxed elementor-section-height-default elementor-section-height-default\" data-id=\"eeb286f\" data-element_type=\"section\">\n\t\t\t\t\t\t<div class=\"elementor-container elementor-column-gap-default\">\n\t\t\t\t\t<div class=\"elementor-column elementor-col-100 elementor-top-column elementor-element elementor-element-261fea4\" data-id=\"261fea4\" data-element_type=\"column\">\n\t\t\t<div class=\"elementor-widget-wrap elementor-element-populated\">\n\t\t\t\t\t\t<div class=\"elementor-element elementor-element-ebb44a4 elementor-widget elementor-widget-spacer\" data-id=\"ebb44a4\" data-element_type=\"widget\" data-widget_type=\"spacer.default\">\n\t\t\t\t<div class=\"elementor-widget-container\">\n\t\t\t\t\t\t\t<div class=\"elementor-spacer\">\n\t\t\t<div class=\"elementor-spacer-inner\"><\/div>\n\t\t<\/div>\n\t\t\t\t\t\t<\/div>\n\t\t\t\t<\/div>\n\t\t\t\t\t<\/div>\n\t\t<\/div>\n\t\t\t\t\t<\/div>\n\t\t<\/section>\n\t\t\t\t<section class=\"elementor-section elementor-top-section elementor-element elementor-element-8a96686 elementor-section-boxed elementor-section-height-default elementor-section-height-default\" data-id=\"8a96686\" data-element_type=\"section\">\n\t\t\t\t\t\t<div class=\"elementor-container elementor-column-gap-default\">\n\t\t\t\t\t<div class=\"elementor-column elementor-col-100 elementor-top-column elementor-element elementor-element-f3756c9\" data-id=\"f3756c9\" data-element_type=\"column\">\n\t\t\t<div class=\"elementor-widget-wrap elementor-element-populated\">\n\t\t\t\t\t\t<div class=\"elementor-element elementor-element-95c403d elementor-widget elementor-widget-image\" data-id=\"95c403d\" data-element_type=\"widget\" data-widget_type=\"image.default\">\n\t\t\t\t<div class=\"elementor-widget-container\">\n\t\t\t\t\t\t\t\t\t\t\t\t\t\t\t<img decoding=\"async\" width=\"707\" height=\"996\" src=\"https:\/\/jeromecanadas.com\/wp-content\/uploads\/2022\/06\/Screenshot-from-2022-06-17-20-01-46.png\" class=\"attachment-large size-large wp-image-2695\" alt=\"\" srcset=\"https:\/\/jeromecanadas.com\/wp-content\/uploads\/2022\/06\/Screenshot-from-2022-06-17-20-01-46.png 707w, https:\/\/jeromecanadas.com\/wp-content\/uploads\/2022\/06\/Screenshot-from-2022-06-17-20-01-46-213x300.png 213w\" sizes=\"(max-width: 707px) 100vw, 707px\" \/>\t\t\t\t\t\t\t\t\t\t\t\t\t\t\t<\/div>\n\t\t\t\t<\/div>\n\t\t\t\t\t<\/div>\n\t\t<\/div>\n\t\t\t\t\t<\/div>\n\t\t<\/section>\n\t\t\t\t<\/div>","protected":false},"excerpt":{"rendered":"<p>Expositions en cours Quelque expositions pass\u00e9es<\/p>","protected":false},"author":1,"featured_media":0,"parent":0,"menu_order":0,"comment_status":"closed","ping_status":"closed","template":"","meta":{"site-sidebar-layout":"no-sidebar","site-content-layout":"page-builder","ast-site-content-layout":"default","site-content-style":"default","site-sidebar-style":"default","ast-global-header-display":"","ast-banner-title-visibility":"","ast-main-header-display":"","ast-hfb-above-header-display":"","ast-hfb-below-header-display":"","ast-hfb-mobile-header-display":"","site-post-title":"disabled","ast-breadcrumbs-content":"","ast-featured-img":"disabled","footer-sml-layout":"","theme-transparent-header-meta":"","adv-header-id-meta":"","stick-header-meta":"","header-above-stick-meta":"","header-main-stick-meta":"","header-below-stick-meta":"","astra-migrate-meta-layouts":"default","ast-page-background-enabled":"default","ast-page-background-meta":{"desktop":{"background-color":"var(--ast-global-color-4)","background-image":"","background-repeat":"repeat","background-position":"center center","background-size":"auto","background-attachment":"scroll","background-type":"","background-media":"","overlay-type":"","overlay-color":"","overlay-opacity":"","overlay-gradient":""},"tablet":{"background-color":"","background-image":"","background-repeat":"repeat","background-position":"center center","background-size":"auto","background-attachment":"scroll","background-type":"","background-media":"","overlay-type":"","overlay-color":"","overlay-opacity":"","overlay-gradient":""},"mobile":{"background-color":"","background-image":"","background-repeat":"repeat","background-position":"center center","background-size":"auto","background-attachment":"scroll","background-type":"","background-media":"","overlay-type":"","overlay-color":"","overlay-opacity":"","overlay-gradient":""}},"ast-content-background-meta":{"desktop":{"background-color":"var(--ast-global-color-5)","background-image":"","background-repeat":"repeat","background-position":"center center","background-size":"auto","background-attachment":"scroll","background-type":"","background-media":"","overlay-type":"","overlay-color":"","overlay-opacity":"","overlay-gradient":""},"tablet":{"background-color":"var(--ast-global-color-5)","background-image":"","background-repeat":"repeat","background-position":"center center","background-size":"auto","background-attachment":"scroll","background-type":"","background-media":"","overlay-type":"","overlay-color":"","overlay-opacity":"","overlay-gradient":""},"mobile":{"background-color":"var(--ast-global-color-5)","background-image":"","background-repeat":"repeat","background-position":"center center","background-size":"auto","background-attachment":"scroll","background-type":"","background-media":"","overlay-type":"","overlay-color":"","overlay-opacity":"","overlay-gradient":""}},"footnotes":""},"class_list":["post-2578","page","type-page","status-publish","hentry"],"yoast_head":"<!-- This site is optimized with the Yoast SEO plugin v27.4 - https:\/\/yoast.com\/product\/yoast-seo-wordpress\/ -->\n<title>Expo - J\u00e9r\u00f4me Canadas<\/title>\n<meta name=\"robots\" content=\"index, follow, max-snippet:-1, max-image-preview:large, max-video-preview:-1\" \/>\n<link rel=\"canonical\" href=\"https:\/\/jeromecanadas.com\/en\/expo\/\" \/>\n<meta property=\"og:locale\" content=\"en_US\" \/>\n<meta property=\"og:type\" content=\"article\" \/>\n<meta property=\"og:title\" content=\"Expo - J\u00e9r\u00f4me Canadas\" \/>\n<meta property=\"og:description\" content=\"Expositions en cours Quelque expositions pass\u00e9es\" \/>\n<meta property=\"og:url\" content=\"https:\/\/jeromecanadas.com\/en\/expo\/\" \/>\n<meta property=\"og:site_name\" content=\"J\u00e9r\u00f4me Canadas\" \/>\n<meta property=\"article:publisher\" content=\"https:\/\/www.facebook.com\/jeromecreativelife\/\" \/>\n<meta property=\"article:modified_time\" content=\"2022-08-16T17:19:24+00:00\" \/>\n<meta property=\"og:image\" content=\"http:\/\/jeromecanadas.com\/wp-content\/uploads\/2022\/06\/Expo-Jerome-Canadas-Ste-Croix-peinture-et-bois-768x1086.jpg\" \/>\n<meta name=\"twitter:card\" content=\"summary_large_image\" \/>\n<meta name=\"twitter:label1\" content=\"Est. reading time\" \/>\n\t<meta name=\"twitter:data1\" content=\"1 minute\" \/>\n<script type=\"application\/ld+json\" class=\"yoast-schema-graph\">{\"@context\":\"https:\\\/\\\/schema.org\",\"@graph\":[{\"@type\":\"WebPage\",\"@id\":\"https:\\\/\\\/jeromecanadas.com\\\/en\\\/expo\\\/\",\"url\":\"https:\\\/\\\/jeromecanadas.com\\\/en\\\/expo\\\/\",\"name\":\"Expo - J\u00e9r\u00f4me Canadas\",\"isPartOf\":{\"@id\":\"https:\\\/\\\/jeromecanadas.com\\\/#website\"},\"primaryImageOfPage\":{\"@id\":\"https:\\\/\\\/jeromecanadas.com\\\/en\\\/expo\\\/#primaryimage\"},\"image\":{\"@id\":\"https:\\\/\\\/jeromecanadas.com\\\/en\\\/expo\\\/#primaryimage\"},\"thumbnailUrl\":\"http:\\\/\\\/jeromecanadas.com\\\/wp-content\\\/uploads\\\/2022\\\/06\\\/Expo-Jerome-Canadas-Ste-Croix-peinture-et-bois-768x1086.jpg\",\"datePublished\":\"2022-06-17T16:25:50+00:00\",\"dateModified\":\"2022-08-16T17:19:24+00:00\",\"breadcrumb\":{\"@id\":\"https:\\\/\\\/jeromecanadas.com\\\/en\\\/expo\\\/#breadcrumb\"},\"inLanguage\":\"en-US\",\"potentialAction\":[{\"@type\":\"ReadAction\",\"target\":[\"https:\\\/\\\/jeromecanadas.com\\\/en\\\/expo\\\/\"]}]},{\"@type\":\"ImageObject\",\"inLanguage\":\"en-US\",\"@id\":\"https:\\\/\\\/jeromecanadas.com\\\/en\\\/expo\\\/#primaryimage\",\"url\":\"http:\\\/\\\/jeromecanadas.com\\\/wp-content\\\/uploads\\\/2022\\\/06\\\/Expo-Jerome-Canadas-Ste-Croix-peinture-et-bois-768x1086.jpg\",\"contentUrl\":\"http:\\\/\\\/jeromecanadas.com\\\/wp-content\\\/uploads\\\/2022\\\/06\\\/Expo-Jerome-Canadas-Ste-Croix-peinture-et-bois-768x1086.jpg\"},{\"@type\":\"BreadcrumbList\",\"@id\":\"https:\\\/\\\/jeromecanadas.com\\\/en\\\/expo\\\/#breadcrumb\",\"itemListElement\":[{\"@type\":\"ListItem\",\"position\":1,\"name\":\"Accueil\",\"item\":\"https:\\\/\\\/jeromecanadas.com\\\/en\\\/\"},{\"@type\":\"ListItem\",\"position\":2,\"name\":\"Expo\"}]},{\"@type\":\"WebSite\",\"@id\":\"https:\\\/\\\/jeromecanadas.com\\\/#website\",\"url\":\"https:\\\/\\\/jeromecanadas.com\\\/\",\"name\":\"J\u00e9r\u00f4me Canadas\",\"description\":\"Canadas Cr\u00e9ations\",\"publisher\":{\"@id\":\"https:\\\/\\\/jeromecanadas.com\\\/#\\\/schema\\\/person\\\/825506221f6e8b91ec43474b35bcabc3\"},\"potentialAction\":[{\"@type\":\"SearchAction\",\"target\":{\"@type\":\"EntryPoint\",\"urlTemplate\":\"https:\\\/\\\/jeromecanadas.com\\\/?s={search_term_string}\"},\"query-input\":{\"@type\":\"PropertyValueSpecification\",\"valueRequired\":true,\"valueName\":\"search_term_string\"}}],\"inLanguage\":\"en-US\"},{\"@type\":[\"Person\",\"Organization\"],\"@id\":\"https:\\\/\\\/jeromecanadas.com\\\/#\\\/schema\\\/person\\\/825506221f6e8b91ec43474b35bcabc3\",\"name\":\"wordpress\",\"image\":{\"@type\":\"ImageObject\",\"inLanguage\":\"en-US\",\"@id\":\"https:\\\/\\\/secure.gravatar.com\\\/avatar\\\/e78042c4bdcb648015c7e6c91c5b38188d1e15cc3f04ebed374f74a5436c2b8b?s=96&d=mm&r=g\",\"url\":\"https:\\\/\\\/secure.gravatar.com\\\/avatar\\\/e78042c4bdcb648015c7e6c91c5b38188d1e15cc3f04ebed374f74a5436c2b8b?s=96&d=mm&r=g\",\"contentUrl\":\"https:\\\/\\\/secure.gravatar.com\\\/avatar\\\/e78042c4bdcb648015c7e6c91c5b38188d1e15cc3f04ebed374f74a5436c2b8b?s=96&d=mm&r=g\",\"caption\":\"wordpress\"},\"logo\":{\"@id\":\"https:\\\/\\\/secure.gravatar.com\\\/avatar\\\/e78042c4bdcb648015c7e6c91c5b38188d1e15cc3f04ebed374f74a5436c2b8b?s=96&d=mm&r=g\"},\"sameAs\":[\"http:\\\/\\\/jeromecanadas.com\",\"https:\\\/\\\/www.facebook.com\\\/jeromecreativelife\\\/\"]}]}<\/script>\n<!-- \/ Yoast SEO plugin. -->","yoast_head_json":{"title":"Expo - J\u00e9r\u00f4me Canadas","robots":{"index":"index","follow":"follow","max-snippet":"max-snippet:-1","max-image-preview":"max-image-preview:large","max-video-preview":"max-video-preview:-1"},"canonical":"https:\/\/jeromecanadas.com\/en\/expo\/","og_locale":"en_US","og_type":"article","og_title":"Expo - J\u00e9r\u00f4me Canadas","og_description":"Expositions en cours Quelque expositions pass\u00e9es","og_url":"https:\/\/jeromecanadas.com\/en\/expo\/","og_site_name":"J\u00e9r\u00f4me Canadas","article_publisher":"https:\/\/www.facebook.com\/jeromecreativelife\/","article_modified_time":"2022-08-16T17:19:24+00:00","og_image":[{"url":"http:\/\/jeromecanadas.com\/wp-content\/uploads\/2022\/06\/Expo-Jerome-Canadas-Ste-Croix-peinture-et-bois-768x1086.jpg","type":"","width":"","height":""}],"twitter_card":"summary_large_image","twitter_misc":{"Est. reading time":"1 minute"},"schema":{"@context":"https:\/\/schema.org","@graph":[{"@type":"WebPage","@id":"https:\/\/jeromecanadas.com\/en\/expo\/","url":"https:\/\/jeromecanadas.com\/en\/expo\/","name":"Expo - J\u00e9r\u00f4me Canadas","isPartOf":{"@id":"https:\/\/jeromecanadas.com\/#website"},"primaryImageOfPage":{"@id":"https:\/\/jeromecanadas.com\/en\/expo\/#primaryimage"},"image":{"@id":"https:\/\/jeromecanadas.com\/en\/expo\/#primaryimage"},"thumbnailUrl":"http:\/\/jeromecanadas.com\/wp-content\/uploads\/2022\/06\/Expo-Jerome-Canadas-Ste-Croix-peinture-et-bois-768x1086.jpg","datePublished":"2022-06-17T16:25:50+00:00","dateModified":"2022-08-16T17:19:24+00:00","breadcrumb":{"@id":"https:\/\/jeromecanadas.com\/en\/expo\/#breadcrumb"},"inLanguage":"en-US","potentialAction":[{"@type":"ReadAction","target":["https:\/\/jeromecanadas.com\/en\/expo\/"]}]},{"@type":"ImageObject","inLanguage":"en-US","@id":"https:\/\/jeromecanadas.com\/en\/expo\/#primaryimage","url":"http:\/\/jeromecanadas.com\/wp-content\/uploads\/2022\/06\/Expo-Jerome-Canadas-Ste-Croix-peinture-et-bois-768x1086.jpg","contentUrl":"http:\/\/jeromecanadas.com\/wp-content\/uploads\/2022\/06\/Expo-Jerome-Canadas-Ste-Croix-peinture-et-bois-768x1086.jpg"},{"@type":"BreadcrumbList","@id":"https:\/\/jeromecanadas.com\/en\/expo\/#breadcrumb","itemListElement":[{"@type":"ListItem","position":1,"name":"Accueil","item":"https:\/\/jeromecanadas.com\/en\/"},{"@type":"ListItem","position":2,"name":"Expo"}]},{"@type":"WebSite","@id":"https:\/\/jeromecanadas.com\/#website","url":"https:\/\/jeromecanadas.com\/","name":"J\u00e9r\u00f4me Canadas","description":"Canadas Cr\u00e9ations","publisher":{"@id":"https:\/\/jeromecanadas.com\/#\/schema\/person\/825506221f6e8b91ec43474b35bcabc3"},"potentialAction":[{"@type":"SearchAction","target":{"@type":"EntryPoint","urlTemplate":"https:\/\/jeromecanadas.com\/?s={search_term_string}"},"query-input":{"@type":"PropertyValueSpecification","valueRequired":true,"valueName":"search_term_string"}}],"inLanguage":"en-US"},{"@type":["Person","Organization"],"@id":"https:\/\/jeromecanadas.com\/#\/schema\/person\/825506221f6e8b91ec43474b35bcabc3","name":"wordpress","image":{"@type":"ImageObject","inLanguage":"en-US","@id":"https:\/\/secure.gravatar.com\/avatar\/e78042c4bdcb648015c7e6c91c5b38188d1e15cc3f04ebed374f74a5436c2b8b?s=96&d=mm&r=g","url":"https:\/\/secure.gravatar.com\/avatar\/e78042c4bdcb648015c7e6c91c5b38188d1e15cc3f04ebed374f74a5436c2b8b?s=96&d=mm&r=g","contentUrl":"https:\/\/secure.gravatar.com\/avatar\/e78042c4bdcb648015c7e6c91c5b38188d1e15cc3f04ebed374f74a5436c2b8b?s=96&d=mm&r=g","caption":"wordpress"},"logo":{"@id":"https:\/\/secure.gravatar.com\/avatar\/e78042c4bdcb648015c7e6c91c5b38188d1e15cc3f04ebed374f74a5436c2b8b?s=96&d=mm&r=g"},"sameAs":["http:\/\/jeromecanadas.com","https:\/\/www.facebook.com\/jeromecreativelife\/"]}]}},"_links":{"self":[{"href":"https:\/\/jeromecanadas.com\/en\/wp-json\/wp\/v2\/pages\/2578","targetHints":{"allow":["GET"]}}],"collection":[{"href":"https:\/\/jeromecanadas.com\/en\/wp-json\/wp\/v2\/pages"}],"about":[{"href":"https:\/\/jeromecanadas.com\/en\/wp-json\/wp\/v2\/types\/page"}],"author":[{"embeddable":true,"href":"https:\/\/jeromecanadas.com\/en\/wp-json\/wp\/v2\/users\/1"}],"replies":[{"embeddable":true,"href":"https:\/\/jeromecanadas.com\/en\/wp-json\/wp\/v2\/comments?post=2578"}],"version-history":[{"count":0,"href":"https:\/\/jeromecanadas.com\/en\/wp-json\/wp\/v2\/pages\/2578\/revisions"}],"wp:attachment":[{"href":"https:\/\/jeromecanadas.com\/en\/wp-json\/wp\/v2\/media?parent=2578"}],"curies":[{"name":"wp","href":"https:\/\/api.w.org\/{rel}","templated":true}]}}